{"id":96,"date":"2022-04-06T16:42:47","date_gmt":"2022-04-06T14:42:47","guid":{"rendered":"http:\/\/bwi.home.pl\/przedszkole4\/wordpress\/?page_id=96"},"modified":"2025-04-23T11:15:06","modified_gmt":"2025-04-23T09:15:06","slug":"ogloszenia","status":"publish","type":"page","link":"https:\/\/www.przedszkole4.bwi.pl\/index.php\/ogloszenia\/","title":{"rendered":"Og\u0142oszenia"},"content":{"rendered":"<h1 style=\"text-align: center;\"><span style=\"color: #ff0000;\"><b>DY\u017bUR WAKACYJNY\u00a0<\/b><\/span><\/h1>\n<h1 style=\"text-align: center;\"><span style=\"color: #ff0000;\"><strong>Funkcjonowanie przedszkol<\/strong><strong>a w okresie wakacji w roku 2025<\/strong><\/span><\/h1>\n<p>Nasze przedszkole pe\u0142ni dy\u017cur od 30 czerwca 2025 do 20 lipca 2025 dla dzieci ucz\u0119szczaj\u0105cych do przedszkole Nr 4 lub na wolne miejsca dla dzieci z publicznych przedszkoli Gminy Brzesko.<\/p>\n<p style=\"text-align: center;\">Okres wakacyjnej pracy przedszkola <strong>nie jest okresem adaptacji dla\u00a0nowoprzyj\u0119tych<\/strong> dzieci, kt\u00f3re b\u0119d\u0105 ucz\u0119szcza\u0107 do przedszkola od wrze\u015bnia 2025 r.<\/p>\n<ol style=\"text-align: left;\">\n<li>Nale\u017cy zg\u0142osi\u0107 wol\u0119 ucz\u0119szczania dziecka <strong>do swojego Przedszkola wg\u00a0<\/strong> harmonogramu ustalonego przez Organ Prowadz\u0105cy <strong>od 5 maja<\/strong> <strong>do 10 maja 2025 r.<\/strong><\/li>\n<li>Przedszkole mo\u017ce przyj\u0105\u0107 w trakcie pracy podczas wakacji dzieci z innych przedszkoli z terenu Gminy Brzesko, je\u017celi posiada tak\u0105 mo\u017cliwo\u015b\u0107 (wolne miejsca). Decyzj\u0119 w tej sprawie podejmuje dyrektor przedszkola.<\/li>\n<\/ol>\n<ol style=\"text-align: left;\">\n<li><strong>W okresie od 12\u00a0 maja 2025 do 23 maja 2025 r. przyjmowane b\u0119d\u0105 zapisy dzieci <\/strong><strong style=\"font-size: 1rem;\">\u00a0z innych publicznych przedszkoli <\/strong><strong style=\"font-size: 1rem;\">Gminy Brzesko na wolne miejsca. Decyduje kolejno\u015b\u0107 z\u0142o\u017cenia kompletnej dokumentacji<\/strong><span style=\"font-size: 1rem;\">.<\/span><\/li>\n<\/ol>\n<ol style=\"text-align: left;\" start=\"4\">\n<li>Zapis\u00f3w na ten sam okres dokonujemy tylko w jednej plac\u00f3wce.<\/li>\n<\/ol>\n<p style=\"text-align: left;\"><strong><u>Organizacja pracy w okresie wakacyjnym:<\/u><\/strong><\/p>\n<ol style=\"text-align: left;\">\n<li>Przedszkole pracuje w godzinach zatwierdzonych w Arkuszu organizacji Przedszkola na dany rok szkolny.<\/li>\n<li>Grupa przedszkolna liczy maksymalnie 25 dzieci.<\/li>\n<li>Organizuj\u0105cy prac\u0119 Przedszkola w okresie wakacyjnym zastrzega mo\u017cliwo\u015b\u0107 zmian w obr\u0119bie grup funkcjonuj\u0105cych w bie\u017c\u0105cym roku szkolnym \u2013 mo\u017ce doj\u015b\u0107 do\u00a0\u0142\u0105czenia dzieci z r\u00f3\u017cnych grup dzieci zbli\u017conych wiekowo.<\/li>\n<li>W tworzeniu grup uwzgl\u0119dniany b\u0119dzie podzia\u0142 wiekowy - grupa 3-4 latk\u00f3w, 4-5 latk\u00f3w oraz\u00a05-6 latk\u00f3w.<\/li>\n<li><strong>Dzieci z oddzia\u0142\u00f3w integracyjnych nale\u017cy zg\u0142asza\u0107 na okres wakacji do funkcjonuj\u0105cych plac\u00f3wek integracyjnych. <\/strong><\/li>\n<li>Pobyt dzieci w przedszkolu w okresie wakacji odbywa si\u0119 bez korzystania z czytnika elektronicznego.<\/li>\n<li>Zasady odp\u0142atno\u015bci: Op\u0142aty za \u015bwiadczenia przedszkola pobierane s\u0105 z do\u0142u za ubieg\u0142y miesi\u0105c i nale\u017cy je wnosi\u0107 w terminie do 15-go dnia nast\u0119pnego miesi\u0105ca. Za ka\u017cdy dzie\u0144 zw\u0142oki w p\u0142atno\u015bci naliczane s\u0105 odsetki zgodnie z przepisami ordynacji podatkowej. Za dzie\u0144 wniesienia op\u0142aty uznaje si\u0119 dzie\u0144, w kt\u00f3rym op\u0142ata wp\u0142yn\u0119\u0142a na konto.<\/li>\n<li>Rodzice wnosz\u0105 op\u0142at\u0119 za korzystanie z wy\u017cywienia 10 z\u0142\u00a0 - dzienna stawka \u017cywieniowa i godzin dodatkowo p\u0142atnych (1 z\u0142 za ka\u017cd\u0105\u00a0 godzin\u0119 dodatkow\u0105 ponad podstaw\u0119 programow\u0105).<\/li>\n<li>Rodzice dzieci sze\u015bcioletnich ( realizuj\u0105cych obowi\u0105zek rocznego przygotowania przedszkolnego) wnosz\u0105 op\u0142at\u0119 jedynie za wy\u017cywienie.<\/li>\n<li>W przypadku posiadania przez rodzic\u00f3w karty \u201eBrzeska Rodzina Trzy Plus\u201d nale\u017cy ten fakt potwierdzi\u0107, sk\u0142adaj\u0105c aktualne dokumenty.<\/li>\n<li>W przypadku posiadania decyzji o przyznaniu dofinansowania obiad\u00f3w przez MOPS nale\u017cy ten fakt potwierdzi\u0107.<\/li>\n<li>Rodzice s\u0105 zobowi\u0105zani do przestrzegania zadeklarowanego w Porozumieniu czasu pobytu dziecka w przedszkolu.<\/li>\n<\/ol>\n<p>WNIOSEK O PRZYJ\u0118CIE DZIECKA DO PRZEDSZKOLA NA DY\u017bUR WAKACYJNY:<\/p>\n<p><strong>:<\/strong>\u00a0<span id=\"sample-permalink\"><a href=\"https:\/\/www.przedszkole4.bwi.pl\/index.php\/ogloszenia\/wniosek-o-przyjecie-dziecka-do-przedszkola-na-dyzur-wakacyjny-4\/\">https:\/\/www.przedszkole4.bwi.pl\/index.php\/ogloszenia\/<span id=\"editable-post-name\">wniosek-o-przyje\u2026yzur-wakacyjny-4<\/span>\/<\/a><\/span>\u00a0\u200e<\/p>\n","protected":false},"excerpt":{"rendered":"<p>DY\u017bUR WAKACYJNY\u00a0 Funkcjonowanie przedszkola w okresie wakacji w roku 2025 Nasze przedszkole pe\u0142ni dy\u017cur od 30 czerwca 2025 do 20 lipca 2025 dla dzieci ucz\u0119szczaj\u0105cych do przedszkole Nr 4 lub na wolne miejsca dla dzieci z publicznych przedszkoli Gminy Brzesko. Okres wakacyjnej pracy przedszkola nie jest okresem adaptacji dla\u00a0nowoprzyj\u0119tych dzieci, kt\u00f3re b\u0119d\u0105 ucz\u0119szcza\u0107 do przedszkola <a href=\"https:\/\/www.przedszkole4.bwi.pl\/index.php\/ogloszenia\/\" class=\"more-link\">Czytaj dalej...<span class=\"screen-reader-text\"> \"Og\u0142oszenia\"<\/span><\/a><\/p>\n","protected":false},"author":1,"featured_media":0,"parent":0,"menu_order":0,"comment_status":"closed","ping_status":"closed","template":"","meta":[],"_links":{"self":[{"href":"https:\/\/www.przedszkole4.bwi.pl\/index.php\/wp-json\/wp\/v2\/pages\/96"}],"collection":[{"href":"https:\/\/www.przedszkole4.bwi.pl\/index.php\/wp-json\/wp\/v2\/pages"}],"about":[{"href":"https:\/\/www.przedszkole4.bwi.pl\/index.php\/wp-json\/wp\/v2\/types\/page"}],"author":[{"embeddable":true,"href":"https:\/\/www.przedszkole4.bwi.pl\/index.php\/wp-json\/wp\/v2\/users\/1"}],"replies":[{"embeddable":true,"href":"https:\/\/www.przedszkole4.bwi.pl\/index.php\/wp-json\/wp\/v2\/comments?post=96"}],"version-history":[{"count":40,"href":"https:\/\/www.przedszkole4.bwi.pl\/index.php\/wp-json\/wp\/v2\/pages\/96\/revisions"}],"predecessor-version":[{"id":11109,"href":"https:\/\/www.przedszkole4.bwi.pl\/index.php\/wp-json\/wp\/v2\/pages\/96\/revisions\/11109"}],"wp:attachment":[{"href":"https:\/\/www.przedszkole4.bwi.pl\/index.php\/wp-json\/wp\/v2\/media?parent=96"}],"curies":[{"name":"wp","href":"https:\/\/api.w.org\/{rel}","templated":true}]}}