{"id":9,"date":"2018-09-19T20:49:48","date_gmt":"2018-09-19T18:49:48","guid":{"rendered":"http:\/\/bwi.home.pl\/przedszkole4\/wordpress\/?page_id=9"},"modified":"2023-11-14T19:28:20","modified_gmt":"2023-11-14T18:28:20","slug":"o-przedszkolu","status":"publish","type":"page","link":"https:\/\/www.przedszkole4.bwi.pl\/index.php\/o-przedszkolu\/","title":{"rendered":"O przedszkolu"},"content":{"rendered":"<p style=\"text-align: center;\"><strong>Historia Przedszkola <a href=\"https:\/\/www.przedszkole4.bwi.pl\/wp-content\/uploads\/2019\/08\/Przedszkole_nr_4_im_Jana_Brzechwy-archiwum1-1.png\" data-rel=\"lightbox-gallery-uCBsSdmL\" data-rl_title=\"\" data-rl_caption=\"\" title=\"\"><img loading=\"lazy\" class=\"aligncenter size-full wp-image-374\" src=\"https:\/\/www.przedszkole4.bwi.pl\/wp-content\/uploads\/2019\/08\/Przedszkole_nr_4_im_Jana_Brzechwy-archiwum1-1.png\" alt=\"\" width=\"253\" height=\"164\" \/><\/a> <a href=\"https:\/\/www.przedszkole4.bwi.pl\/wp-content\/uploads\/2019\/08\/Przedszkole_nr_4_im_Jana_Brzechwy-archiwum.jpg\" data-rel=\"lightbox-gallery-uCBsSdmL\" data-rl_title=\"\" data-rl_caption=\"\" title=\"\"><img loading=\"lazy\" class=\"aligncenter size-medium wp-image-327\" src=\"https:\/\/www.przedszkole4.bwi.pl\/wp-content\/uploads\/2019\/08\/Przedszkole_nr_4_im_Jana_Brzechwy-archiwum-300x210.jpg\" alt=\"\" width=\"300\" height=\"210\" srcset=\"https:\/\/www.przedszkole4.bwi.pl\/wp-content\/uploads\/2019\/08\/Przedszkole_nr_4_im_Jana_Brzechwy-archiwum-300x210.jpg 300w, https:\/\/www.przedszkole4.bwi.pl\/wp-content\/uploads\/2019\/08\/Przedszkole_nr_4_im_Jana_Brzechwy-archiwum-768x538.jpg 768w, https:\/\/www.przedszkole4.bwi.pl\/wp-content\/uploads\/2019\/08\/Przedszkole_nr_4_im_Jana_Brzechwy-archiwum-960x672.jpg 960w, https:\/\/www.przedszkole4.bwi.pl\/wp-content\/uploads\/2019\/08\/Przedszkole_nr_4_im_Jana_Brzechwy-archiwum.jpg 981w\" sizes=\"(max-width: 300px) 100vw, 300px\" \/><\/a><\/strong><\/p>\n<p>Przedszkole Nr 4 w Brzesku istnieje ponad 50 lat. Oddane zosta\u0142o do u\u017cytku w grudniu 1967 r. By\u0142 to pierwszy budynek w Brzesku budowany po wojnie z my\u015bl\u0105 o najm\u0142odszych.<\/p>\n<p>Jego uroczyste otwarcie nast\u0105pi\u0142o 18 stycznia 1968r. By\u0142o to wtedy nowoczesne 4 oddzia\u0142owe przedszkole, do kt\u00f3rego zacz\u0119\u0142o ucz\u0119szcza\u0107 120 dzieci.<\/p>\n<p>W roku 1986 ze wzgl\u0119du na du\u017c\u0105 ilo\u015b\u0107 dzieci utworzono pi\u0105ty oddzia\u0142.<\/p>\n<p>W chwili obecnej w przedszkolu znajduje si\u0119 ok. 125 dzieci. Zatrudnionych jest ponad 20 os\u00f3b w tym 10 nauczycieli.<\/p>\n<p><strong>Co nas wyr\u00f3\u017cnia?<\/strong><\/p>\n<p>Personel pedagogiczny i obs\u0142ugowy stara si\u0119 stworzy\u0107 atmosfer\u0119 \u201eprzyjaznego przedszkola\u201d wsp\u00f3\u0142pracuj\u0105c z rodzicami i \u015brodowiskiem lokalnym. Tradycj\u0105 w naszym przedszkolu sta\u0142y si\u0119: dni adaptacyjne dla najm\u0142odszych dzieci, uroczyste po\u017cegnania starszak\u00f3w, uroczysto\u015bci rodzinne, pikniki i wycieczki, spotkania z ciekawymi osobami. Absolwenci naszego przedszkola osi\u0105gaj\u0105 du\u017ce sukcesy w szkole. Bior\u0105 udzia\u0142 w r\u00f3\u017cnorodnych konkursach, przegl\u0105dach zdobywaj\u0105c nagrody, dyplomy, wyr\u00f3\u017cnienia. Nasze przedszkole jest ukierunkowane na wychowank\u00f3w i ich wszechstronny rozw\u00f3j. Pragniemy wychowa\u0107 zdrowe, aktywne i odporne psychicznie i fizycznie dzieci.\u00a0Uczymy \u00a0tolerancji, \u00a0akceptacji \u00a0i \u00a0poszanowania \u00a0odmienno\u015bci\u00a0 \u00a0ka\u017cdego cz\u0142owieka.\u00a0Tworzymy bezpieczne warunki do wsp\u00f3lnej zabawy i przygotowujemy przedszkolak\u00f3w do rozpocz\u0119cia edukacji szkolnej.<\/p>\n<p>Koncepcja pracy przedszkola oparta jest na celach i zadaniach zawartych w ustawie o systemie\u00a0o\u015bwiaty oraz w oparciu \u00a0o \u00a0Podstaw\u0119 \u00a0\u00a0Programow\u0105 \u00a0\u00a0wychowania przedszkolnego i Statut Przedszkola.<\/p>\n<div style=\"width: 625px;\" class=\"wp-video\"><!--[if lt IE 9]><script>document.createElement('video');<\/script><![endif]-->\n<video class=\"wp-video-shortcode\" id=\"video-9-1\" width=\"625\" height=\"352\" preload=\"metadata\" controls=\"controls\"><source type=\"video\/mp4\" src=\"https:\/\/www.przedszkole4.bwi.pl\/wp-content\/uploads\/2023\/11\/Publiczne-Przedszkole-nr-4-im-Jana-Brzechwy-w-Brzesku-videoo.info_-2.mp4?_=1\" \/><a href=\"https:\/\/www.przedszkole4.bwi.pl\/wp-content\/uploads\/2023\/11\/Publiczne-Przedszkole-nr-4-im-Jana-Brzechwy-w-Brzesku-videoo.info_-2.mp4\">https:\/\/www.przedszkole4.bwi.pl\/wp-content\/uploads\/2023\/11\/Publiczne-Przedszkole-nr-4-im-Jana-Brzechwy-w-Brzesku-videoo.info_-2.mp4<\/a><\/video><\/div>\n<p>&nbsp;<\/p>\n<div style=\"width: 625px;\" class=\"wp-video\"><video class=\"wp-video-shortcode\" id=\"video-9-2\" width=\"625\" height=\"352\" preload=\"metadata\" controls=\"controls\"><source type=\"video\/mp4\" src=\"https:\/\/www.przedszkole4.bwi.pl\/wp-content\/uploads\/2023\/11\/OD-KUCHNI.mp4?_=2\" \/><a href=\"https:\/\/www.przedszkole4.bwi.pl\/wp-content\/uploads\/2023\/11\/OD-KUCHNI.mp4\">https:\/\/www.przedszkole4.bwi.pl\/wp-content\/uploads\/2023\/11\/OD-KUCHNI.mp4<\/a><\/video><\/div>\n<p>&nbsp;<\/p>\n","protected":false},"excerpt":{"rendered":"<p>Historia Przedszkola Przedszkole Nr 4 w Brzesku istnieje ponad 50 lat. Oddane zosta\u0142o do u\u017cytku w grudniu 1967 r. By\u0142 to pierwszy budynek w Brzesku budowany po wojnie z my\u015bl\u0105 o najm\u0142odszych. Jego uroczyste otwarcie nast\u0105pi\u0142o 18 stycznia 1968r. By\u0142o to wtedy nowoczesne 4 oddzia\u0142owe przedszkole, do kt\u00f3rego zacz\u0119\u0142o ucz\u0119szcza\u0107 120 dzieci. W roku 1986 <a href=\"https:\/\/www.przedszkole4.bwi.pl\/index.php\/o-przedszkolu\/\" class=\"more-link\">Czytaj dalej...<span class=\"screen-reader-text\"> \"O przedszkolu\"<\/span><\/a><\/p>\n","protected":false},"author":1,"featured_media":0,"parent":0,"menu_order":1,"comment_status":"closed","ping_status":"closed","template":"","meta":[],"_links":{"self":[{"href":"https:\/\/www.przedszkole4.bwi.pl\/index.php\/wp-json\/wp\/v2\/pages\/9"}],"collection":[{"href":"https:\/\/www.przedszkole4.bwi.pl\/index.php\/wp-json\/wp\/v2\/pages"}],"about":[{"href":"https:\/\/www.przedszkole4.bwi.pl\/index.php\/wp-json\/wp\/v2\/types\/page"}],"author":[{"embeddable":true,"href":"https:\/\/www.przedszkole4.bwi.pl\/index.php\/wp-json\/wp\/v2\/users\/1"}],"replies":[{"embeddable":true,"href":"https:\/\/www.przedszkole4.bwi.pl\/index.php\/wp-json\/wp\/v2\/comments?post=9"}],"version-history":[{"count":6,"href":"https:\/\/www.przedszkole4.bwi.pl\/index.php\/wp-json\/wp\/v2\/pages\/9\/revisions"}],"predecessor-version":[{"id":8369,"href":"https:\/\/www.przedszkole4.bwi.pl\/index.php\/wp-json\/wp\/v2\/pages\/9\/revisions\/8369"}],"wp:attachment":[{"href":"https:\/\/www.przedszkole4.bwi.pl\/index.php\/wp-json\/wp\/v2\/media?parent=9"}],"curies":[{"name":"wp","href":"https:\/\/api.w.org\/{rel}","templated":true}]}}