{"id":7264,"date":"2023-10-06T00:12:23","date_gmt":"2023-10-05T22:12:23","guid":{"rendered":"https:\/\/www.przedszkole4.bwi.pl\/?page_id=7264"},"modified":"2025-10-02T15:19:53","modified_gmt":"2025-10-02T13:19:53","slug":"ubezpieczenie-dzieci","status":"publish","type":"page","link":"https:\/\/www.przedszkole4.bwi.pl\/index.php\/dla-rodzicow\/ubezpieczenie-dzieci\/","title":{"rendered":"Warunki grupowego ubezpieczenia NNW uczni\u00f3w w STU Ergo Hestii dla Przedszkola na rok 2025\/26"},"content":{"rendered":"<p><a href=\"https:\/\/www.przedszkole4.bwi.pl\/wp-content\/uploads\/2025\/10\/Przedszkole-Nr-4-w-Brzesku-2.docx\">Przedszkole Nr 4 w Brzesku (2)<\/a><\/p>\n<p><span style=\"color: #339966;\"><strong><em>Grupowe ubezpieczenie NNW dzieci Przedszkola Nr 4 w Brzesku<\/em><\/strong><strong style=\"font-size: 1rem;\"><em>\u00a0 -\u00a0 na rok szkolny 2024\/25 w Ergo Hestii obowi\u0105zuje od 16 wrze\u015bnia 2024 do 15 wrze\u015bnia 2025<\/em><\/strong><\/span><\/p>\n<p>W sytuacji zdarzenia NW , rodzic zg\u0142asza si\u0119 do dyrektora przedszkola o wydanie\u00a0 za\u015bwiadczenia potwierdzaj\u0105cego zg\u0142oszenie dziecka do ubezpieczenia i otrzymuje nr polisy.<\/p>\n<table width=\"0\">\n<tbody>\n<tr>\n<td rowspan=\"2\" width=\"37\">L.p.<\/p>\n<p>&nbsp;<\/td>\n<td rowspan=\"2\" width=\"416\">\u015awiadczenia ubezpieczeniowe<\/td>\n<td colspan=\"2\" width=\"317\"><\/td>\n<td width=\"0\"><\/td>\n<\/tr>\n<tr>\n<td width=\"189\">Obecnie obowi\u0105zuj\u0105ca<\/td>\n<td width=\"128\"><\/td>\n<td width=\"0\"><\/td>\n<\/tr>\n<tr>\n<td width=\"37\">1<\/td>\n<td width=\"416\">\u015amier\u0107 w wyniku wypadku komunikacyjnego<\/td>\n<td width=\"189\">30.000<\/td>\n<td width=\"128\"><\/td>\n<td width=\"0\"><\/td>\n<\/tr>\n<tr>\n<td width=\"37\">2<\/td>\n<td width=\"416\">\u015amier\u0107 w NNW (w tym zawa\u0142 i udar)<\/td>\n<td width=\"189\">20.000<\/td>\n<td width=\"128\"><\/td>\n<td width=\"0\"><\/td>\n<\/tr>\n<tr>\n<td width=\"37\">3<\/td>\n<td width=\"416\">Zwrot koszt\u00f3w nabycia wyrob\u00f3w medycznych b\u0119d\u0105cych przedmiotem ortopedycznym<\/td>\n<td width=\"189\">6.000<\/td>\n<td width=\"128\"><\/td>\n<td width=\"0\"><\/td>\n<\/tr>\n<tr>\n<td width=\"37\">4<\/td>\n<td width=\"416\">Zwrot koszt\u00f3w\u00a0 przekwalifikowania zawodowego<\/td>\n<td width=\"189\">6.000<\/td>\n<td width=\"128\"><\/td>\n<td width=\"0\"><\/td>\n<\/tr>\n<tr>\n<td width=\"37\">5<\/td>\n<td width=\"416\">\u015awiadczenie z tytu\u0142u uszczerbku na zdrowiu w wyniku ataku padaczki do<\/td>\n<td width=\"189\">20.000<\/td>\n<td width=\"128\"><\/td>\n<td width=\"0\"><\/td>\n<\/tr>\n<tr>\n<td width=\"37\">6<\/td>\n<td width=\"416\">Jednorazowe \u015bwiadczenie z tytu\u0142u \u015bmierci na skutek sepsy<\/td>\n<td width=\"189\">20.000<\/td>\n<td width=\"128\"><\/td>\n<td width=\"0\"><\/td>\n<\/tr>\n<tr>\n<td width=\"37\">7<\/td>\n<td width=\"416\">Jednorazowe \u015bwiadczenie z tytu\u0142u pogryzienia przez zwierz\u0119, uk\u0105szenia<\/td>\n<td width=\"189\">W zakresie<\/td>\n<td width=\"128\"><\/td>\n<td width=\"0\"><\/td>\n<\/tr>\n<tr>\n<td width=\"37\">8<\/td>\n<td width=\"416\">Trwa\u0142e inwalidztwo cz\u0119\u015bciowe w tym z\u0142amania ko\u015bci, zwichni\u0119cia lub skr\u0119cenia staw\u00f3w<\/td>\n<td width=\"189\">\u0141\u0105cznie prawie 900 pozycji uraz\u00f3w<\/td>\n<td width=\"128\"><\/td>\n<td width=\"0\"><\/td>\n<\/tr>\n<tr>\n<td width=\"37\">9<\/td>\n<td width=\"416\">Zatrucie gazem, pora\u017cenie<\/td>\n<td width=\"189\">do 20.000<\/td>\n<td width=\"128\"><\/td>\n<td width=\"0\"><\/td>\n<\/tr>\n<tr>\n<td width=\"37\">10<\/td>\n<td width=\"416\">Oparzenia<\/td>\n<td width=\"189\">do 20.000<\/td>\n<td width=\"128\"><\/td>\n<td width=\"0\"><\/td>\n<\/tr>\n<tr>\n<td width=\"37\">11<\/td>\n<td width=\"416\">Pobyt w szpitalu w wyniku NNW<\/td>\n<td width=\"189\">50 \/ pow. 24 godz.<\/td>\n<td width=\"128\"><\/td>\n<td width=\"0\"><\/td>\n<\/tr>\n<tr>\n<td width=\"37\">12<\/td>\n<td width=\"416\">Pobyt w szpitalu w wyniku nag\u0142ego zachorowania<\/td>\n<td width=\"189\">50 \/ pow. 24 godz.<\/td>\n<td width=\"128\"><\/td>\n<td width=\"0\"><\/td>\n<\/tr>\n<tr>\n<td width=\"37\">13<\/td>\n<td width=\"416\">Koszty leczenia<\/td>\n<td width=\"189\">2.000<\/td>\n<td width=\"128\"><\/td>\n<td width=\"0\"><\/td>\n<\/tr>\n<tr>\n<td width=\"37\">14<\/td>\n<td width=\"416\">Koszty rehabilitacji<\/td>\n<td width=\"189\">1.500<\/td>\n<td width=\"128\"><\/td>\n<td width=\"0\"><\/td>\n<\/tr>\n<tr>\n<td width=\"37\">15<\/td>\n<td width=\"416\">Leczenie stomatologiczne po urazie<\/td>\n<td width=\"189\">do 5.000<\/td>\n<td width=\"128\"><\/td>\n<td width=\"0\"><\/td>\n<\/tr>\n<tr>\n<td width=\"37\">16<\/td>\n<td width=\"416\">Jednorazowe \u015bwiadczenie szpitalne<\/td>\n<td width=\"189\">600<\/td>\n<td width=\"128\"><\/td>\n<td width=\"0\"><\/td>\n<\/tr>\n<tr>\n<td width=\"37\">17<\/td>\n<td width=\"416\">Jednorazowe \u015bwiadczenie ambulatoryjne<\/td>\n<td width=\"189\">200<\/td>\n<td width=\"128\"><\/td>\n<td width=\"0\"><\/td>\n<\/tr>\n<tr>\n<td width=\"37\">18<\/td>\n<td width=\"416\">\u015amier\u0107 w wyniku samob\u00f3jstwa<\/td>\n<td width=\"189\">20.000<\/td>\n<td width=\"128\"><\/td>\n<td width=\"0\"><\/td>\n<\/tr>\n<tr>\n<td width=\"37\">19<\/td>\n<td width=\"416\">Assistance<\/td>\n<td width=\"189\">Zgodnie z ofert\u0105 g\u0142\u00f3wn\u0105<\/td>\n<td width=\"128\"><\/td>\n<td width=\"0\"><\/td>\n<\/tr>\n<tr>\n<td width=\"37\">20<\/td>\n<td width=\"416\">Odmro\u017cenia<\/td>\n<td width=\"189\">do 20.000<\/td>\n<td width=\"128\"><\/td>\n<td width=\"0\"><\/td>\n<\/tr>\n<tr>\n<td width=\"37\">21<\/td>\n<td width=\"416\">Sport wyczynowy<\/td>\n<td width=\"189\">Bez zwy\u017cki sk\u0142adki<\/td>\n<td width=\"128\"><\/td>\n<td width=\"0\"><\/td>\n<\/tr>\n<tr>\n<td width=\"37\">22<\/td>\n<td width=\"416\">Omdlenia<\/td>\n<td width=\"189\">W zakresie<\/td>\n<td width=\"128\"><\/td>\n<td width=\"0\"><\/td>\n<\/tr>\n<tr>\n<td width=\"37\">23<\/td>\n<td width=\"416\">Wstrz\u0105\u015bnienie, st\u0142uczenie m\u00f3zgu<\/td>\n<td width=\"189\">W zakresie<\/td>\n<td width=\"128\"><\/td>\n<td width=\"0\"><\/td>\n<\/tr>\n<tr>\n<td width=\"37\">24<\/td>\n<td width=\"416\">\u015amier\u0107 na skutek koronawirusa<\/td>\n<td width=\"189\">20.000<\/td>\n<td width=\"128\"><\/td>\n<td width=\"0\"><\/td>\n<\/tr>\n<tr>\n<td width=\"37\">25<\/td>\n<td width=\"416\">Suma ubezpieczenia<\/td>\n<td width=\"189\">20.000<\/td>\n<td width=\"128\"><\/td>\n<td width=\"0\"><\/td>\n<\/tr>\n<tr>\n<td colspan=\"2\" width=\"453\">Obecna sk\u0142adka roczna taryfowa od dziecka \/ ucznia<\/td>\n<td width=\"189\">48<\/td>\n<td width=\"128\"><\/td>\n<td width=\"0\"><\/td>\n<\/tr>\n<tr>\n<td colspan=\"2\" width=\"453\"><strong>Obecnie obowi\u0105zuj\u0105ca sk\u0142adka roczna po specjalnej zni\u017cce<\/strong><\/td>\n<td width=\"189\"><strong>43<\/strong><\/td>\n<td width=\"128\"><\/td>\n<td width=\"0\"><\/td>\n<\/tr>\n<\/tbody>\n<\/table>\n<p><strong>*Od 01.09.2024 r. dodany zostaje rycza\u0142t do 400 z\u0142 za zwrot poniesionych strat materialnych w zwi\u0105zku z NNW ( np. uszkodzenie okular\u00f3w, aparat\u00f3w s\u0142uchowych itp. ). Brak dodatkowej op\u0142aty.<\/strong><\/p>\n<p>Zgodnie z Og\u00f3lnymi Warunkami Ubezpieczenia Biznes &amp; Podr\u00f3\u017c\u2013 PAT\/OW071\/2402<\/p>\n<p>Assistance powypadkowy ( zgodnie z poni\u017cszym wykazem \u015bwiadcze\u0144\u00a0 ) na terenie Polski obejmuje organizacj\u0119 i pokrycie koszt\u00f3w: wizyta lekarza, wizyta piel\u0119gniarki, dow\u00f3z lek\u00f3w, transport medyczny, pomoc psychologa, opieka nad dzieckiem, pomoc informacyjna o S\u0142u\u017cbie Zdrowia.<\/p>\n<p><strong>W przypadku wyst\u0105pienia NW ERGO Hestia zapewnia nast\u0119puj\u0105ce \u015bwiadczenia na terenie RP :<\/strong><\/p>\n<p>- wizyta lekarza\u00a0\u00a0\u00a0\u00a0\u00a0\u00a0\u00a0\u00a0\u00a0\u00a0\u00a0\u00a0\u00a0\u00a0\u00a0\u00a0\u00a0\u00a0\u00a0\u00a0\u00a0\u00a0\u00a0\u00a0\u00a0\u00a0\u00a0\u00a0\u00a0\u00a0\u00a0\u00a0\u00a0\u00a0\u00a0\u00a0\u00a0\u00a0\u00a0\u00a0\u00a0\u00a0\u00a0\u00a0\u00a0\u00a0\u00a0\u00a0\u00a0\u00a0\u00a0\u00a0\u00a0\u00a0\u00a0\u00a0\u00a0\u00a0\u00a0\u00a0\u00a0\u00a0\u00a0\u00a0\u00a0\u00a0\u00a0\u00a0\u00a0\u00a0\u00a0\u00a0\u00a0\u00a0\u00a0\u00a0\u00a0\u00a0\u00a0\u00a0\u00a0\u00a0\u00a0\u00a0\u00a0\u00a0\u00a0\u00a0\u00a0\u00a0\u00a0\u00a0\u00a0\u00a0\u00a0\u00a0\u00a0\u00a0\u00a0\u00a0\u00a0\u00a0\u00a0\u00a0\u00a0\u00a0\u00a0\u00a0\u00a0\u00a0\u00a0\u00a0\u00a0\u00a0\u00a0\u00a0\u00a0 500 PLN<\/p>\n<p>- wizyta piel\u0119gniarki\u00a0 \u00a0 500 PLN<\/p>\n<p>- dostarczenie do miejsca pobytu lek\u00f3w przepisanych przez lekarza\u00a0 100 PLN<\/p>\n<p>- transport z miejsca pobytu Ubezpieczonego do plac\u00f3wki medycznej\u00a0 500 PLN<\/p>\n<p>- transport z plac\u00f3wki medycznej\u00a0 do miejsca pobytu Ubezpieczonego\u00a0 \u00a0500 PLN<\/p>\n<p>- pomoc domowa 500 PLN \/ max 7 dni<\/p>\n<p>- pomoc psychologiczna\u00a0 \u00a0500 PLN<\/p>\n<p>- opieka nad dzie\u0107mi\u00a0 100 PLN dzie\u0144 \/ max 5 dni<\/p>\n<p>- organizacja opieki nad psami i kotami\u00a0 300 PLN<\/p>\n<p><span style=\"font-size: 1rem;\">- assistance funeralne 4000 PLN<\/span><\/p>\n<p><span style=\"font-size: 1rem;\"> \u00a0\u00a0<\/span>\u00a0Powy\u017csze us\u0142ugi s\u0105 organizowane wy\u0142\u0105cznie przez Centrum Alarmowe ERGO Hestii.<\/p>\n<p>Biuro: 14\u00a0611 21 35\u00a0 lub 662\u00a0196\u00a0128<\/p>\n","protected":false},"excerpt":{"rendered":"<p>Przedszkole Nr 4 w Brzesku (2) Grupowe ubezpieczenie NNW dzieci Przedszkola Nr 4 w Brzesku\u00a0 -\u00a0 na rok szkolny 2024\/25 w Ergo Hestii obowi\u0105zuje od 16 wrze\u015bnia 2024 do 15 wrze\u015bnia 2025 W sytuacji zdarzenia NW , rodzic zg\u0142asza si\u0119 do dyrektora przedszkola o wydanie\u00a0 za\u015bwiadczenia potwierdzaj\u0105cego zg\u0142oszenie dziecka do ubezpieczenia i otrzymuje nr polisy. <a href=\"https:\/\/www.przedszkole4.bwi.pl\/index.php\/dla-rodzicow\/ubezpieczenie-dzieci\/\" class=\"more-link\">Czytaj dalej...<span class=\"screen-reader-text\"> \"Warunki grupowego ubezpieczenia NNW uczni\u00f3w w STU Ergo Hestii dla Przedszkola na rok 2025\/26\"<\/span><\/a><\/p>\n","protected":false},"author":1,"featured_media":0,"parent":33,"menu_order":0,"comment_status":"closed","ping_status":"closed","template":"","meta":[],"_links":{"self":[{"href":"https:\/\/www.przedszkole4.bwi.pl\/index.php\/wp-json\/wp\/v2\/pages\/7264"}],"collection":[{"href":"https:\/\/www.przedszkole4.bwi.pl\/index.php\/wp-json\/wp\/v2\/pages"}],"about":[{"href":"https:\/\/www.przedszkole4.bwi.pl\/index.php\/wp-json\/wp\/v2\/types\/page"}],"author":[{"embeddable":true,"href":"https:\/\/www.przedszkole4.bwi.pl\/index.php\/wp-json\/wp\/v2\/users\/1"}],"replies":[{"embeddable":true,"href":"https:\/\/www.przedszkole4.bwi.pl\/index.php\/wp-json\/wp\/v2\/comments?post=7264"}],"version-history":[{"count":8,"href":"https:\/\/www.przedszkole4.bwi.pl\/index.php\/wp-json\/wp\/v2\/pages\/7264\/revisions"}],"predecessor-version":[{"id":11229,"href":"https:\/\/www.przedszkole4.bwi.pl\/index.php\/wp-json\/wp\/v2\/pages\/7264\/revisions\/11229"}],"up":[{"embeddable":true,"href":"https:\/\/www.przedszkole4.bwi.pl\/index.php\/wp-json\/wp\/v2\/pages\/33"}],"wp:attachment":[{"href":"https:\/\/www.przedszkole4.bwi.pl\/index.php\/wp-json\/wp\/v2\/media?parent=7264"}],"curies":[{"name":"wp","href":"https:\/\/api.w.org\/{rel}","templated":true}]}}