{"id":505,"date":"2019-10-02T00:39:47","date_gmt":"2019-10-01T22:39:47","guid":{"rendered":"http:\/\/www.przedszkole4.bwi.pl\/?page_id=505"},"modified":"2019-10-02T00:39:47","modified_gmt":"2019-10-01T22:39:47","slug":"klauzula-informacyjna-rodo","status":"publish","type":"page","link":"https:\/\/www.przedszkole4.bwi.pl\/index.php\/rodo\/klauzula-informacyjna-rodo\/","title":{"rendered":"KLAUZULA INFORMACYJNA RODO"},"content":{"rendered":"<p style=\"text-align: center;\"><strong>Klauzula informacyjna RODO (dla rodzic\u00f3w) Publicznego Przedszkola nr 4 im. Jana Brzechwy w Brzesku ul. Ogrodowa 10<\/strong><\/p>\n<p align=\"center\">Zgodnie z art. 13 Rozporz\u0105dzenia Parlamentu Europejskiego i Rady (UE) 2016\/679\u00a0\u00a0 z dnia 27 kwietnia 2016 r. w sprawie ochrony os\u00f3b fizycznych w zwi\u0105zku z przetwarzaniem danych osobowych i w sprawie swobodnego przep\u0142ywu takich danych oraz uchylenia dyrektywy 95\/46\/WE (4.5.2016 L 119\/38 Dziennik Urz\u0119dowy Unii Europejskiej PL) informuj\u0119, \u017ce:<\/p>\n<p>\u00b7\u00a0 \u00a0Administratorem Pa\u0144stwa danych osobowych oraz danych Pa\u0144stwa dzieci jest Publiczne Przedszkole nr 4 w Brzesku ul. Ogrodowa 10<\/p>\n<p>\u00b7\u00a0\u00a0\u00a0\u00a0Funkcj\u0119 Inspektora Ochrony Danych Osobowych w Publicznym Przedszkolu Nr 4 w Brzesku pe\u0142ni radca prawny Pani Ma\u0142gorzata Domaga\u0142a:<\/p>\n<p>adres email:\u00a0\u00a0<a href=\"mailto:iod-domagala@poczta.okey.pl\">iod-domagala@poczta.okey.pl<\/a>\u00a0Ten adres pocztowy jest chroniony przed spamowaniem. Aby go zobaczy\u0107, konieczne jest w\u0142\u0105czenie obs\u0142ugi JavaScript.<\/p>\n<p>\u00b7\u00a0 \u00a0Dane osobowe przetwarzane s\u0105 na podstawie art. 6 ust. 1 lit. c og\u00f3lnego rozporz\u0105dzenia j\/w o ochronie danych w celu realizacji zada\u0144 ustawowych, okre\u015blonych m.in. w Ustawie \u2013 Prawo o\u015bwiatowe z dn. 14 grudnia 2016 r. (Dz. U. z 2017 r., poz. 59, Ustawie o systemie o\u015bwiaty z dnia 7 wrze\u015bnia 1991 r. (Dz. U. z 2017 r., poz. 2198) oraz Ustawie z dnia 15 kwietnia 2011 r. o systemie informacji o\u015bwiatowej (t.j. Dz.U. 2017, poz.2159) w celu realizacji statutowych zada\u0144 dydaktycznych, opieku\u0144czych i wychowawczych w plac\u00f3wce. W przypadku wizerunku dziecka przetwarzanie odbywa si\u0119 na zasadzie zgody wyra\u017conej przez rodzica\/opiekuna prawnego tj. na podstawie art. 6 ust. 1 lit. a) Rozporz\u0105dzenia RODO.<\/p>\n<p>\u00b7\u00a0\u00a0Pa\u0144stwa dane osobowe mog\u0105 by\u0107 udost\u0119pniane odbiorcom upowa\u017cnionym do ich otrzymywania na podstawie przepis\u00f3w prawa tj. System Informacji O\u015bwiatowych<\/p>\n<p>\u00b7\u00a0\u00a0Pa\u0144stwa dane osobowe mog\u0105 by\u0107 udost\u0119pnianie podmiotom \u015bwiadcz\u0105cym na rzecz przedszkola us\u0142ugi informatyczne, obs\u0142ug\u0119 ksi\u0119gow\u0105 i kadrow\u0105. Pa\u0144stwa dane osobowe mog\u0105 by\u0107 przekazane odpowiednim organom publicznym.<\/p>\n<p>\u00b7\u00a0\u00a0\u00a0\u00a0Pa\u0144stwa dane osobowe oraz dane dzieci b\u0119d\u0105 przechowywane przez okresy zakre\u015blone w Jednolitym Rzeczowym Wykazie Akt. W przypadku danych przetwarzanych na podstawie zgody przetwarzanie odbywa si\u0119 do momentu jej wycofania.<\/p>\n<p>\u00b7\u00a0\u00a0\u00a0Posiadaj\u0105 Pa\u0144stwo prawo dost\u0119pu do tre\u015bci swoich danych oraz\u00a0prawo ich sprostowania. Przys\u0142uguje Pa\u0144stwu prawo \u017c\u0105dania usuni\u0119cia, ograniczenia przetwarzania, prawo do przenoszenia danych, prawo wniesienia sprzeciwu, prawo do cofni\u0119cia zgody\u00a0<i>(*je\u017celi przetwarzanie odbywa si\u0119 na podstawie zgody)\u00a0<\/i>w dowolnym momencie bez wp\u0142ywu na zgodno\u015b\u0107 z prawem przetwarzania\u00a0, kt\u00f3rego dokonano na podstawie zgody przed jej cofni\u0119ciem.<\/p>\n<p>\u00b7\u00a0\u00a0Posiadaj\u0105 Pa\u0144stwo prawo wniesienia skargi do organu nadzorczego tj. Prezesa Urz\u0119du Ochrony Danych gdy uznaj\u0105 Pa\u0144stwo, i\u017c przetwarzanie danych osobowych Pa\u0144stwa dotycz\u0105cych narusza przepisy og\u00f3lnego rozporz\u0105dzenia o ochronie danych osobowych z dnia 27 kwietnia 2016 r.<\/p>\n<p>\u00b7\u00a0\u00a0\u00a0\u00a0Podanie przez Pa\u0144stwa danych osobowych jest wymogiem ustawowym i jest obowi\u0105zkowe na mocy w\/w przepis\u00f3w Prawa O\u015bwiatowego.<\/p>\n","protected":false},"excerpt":{"rendered":"<p>Klauzula informacyjna RODO (dla rodzic\u00f3w) Publicznego Przedszkola nr 4 im. Jana Brzechwy w Brzesku ul. Ogrodowa 10 Zgodnie z art. 13 Rozporz\u0105dzenia Parlamentu Europejskiego i Rady (UE) 2016\/679\u00a0\u00a0 z dnia 27 kwietnia 2016 r. w sprawie ochrony os\u00f3b fizycznych w zwi\u0105zku z przetwarzaniem danych osobowych i w sprawie swobodnego przep\u0142ywu takich danych oraz uchylenia dyrektywy <a href=\"https:\/\/www.przedszkole4.bwi.pl\/index.php\/rodo\/klauzula-informacyjna-rodo\/\" class=\"more-link\">Czytaj dalej...<span class=\"screen-reader-text\"> \"KLAUZULA INFORMACYJNA RODO\"<\/span><\/a><\/p>\n","protected":false},"author":1,"featured_media":0,"parent":144,"menu_order":0,"comment_status":"closed","ping_status":"closed","template":"","meta":[],"_links":{"self":[{"href":"https:\/\/www.przedszkole4.bwi.pl\/index.php\/wp-json\/wp\/v2\/pages\/505"}],"collection":[{"href":"https:\/\/www.przedszkole4.bwi.pl\/index.php\/wp-json\/wp\/v2\/pages"}],"about":[{"href":"https:\/\/www.przedszkole4.bwi.pl\/index.php\/wp-json\/wp\/v2\/types\/page"}],"author":[{"embeddable":true,"href":"https:\/\/www.przedszkole4.bwi.pl\/index.php\/wp-json\/wp\/v2\/users\/1"}],"replies":[{"embeddable":true,"href":"https:\/\/www.przedszkole4.bwi.pl\/index.php\/wp-json\/wp\/v2\/comments?post=505"}],"version-history":[{"count":1,"href":"https:\/\/www.przedszkole4.bwi.pl\/index.php\/wp-json\/wp\/v2\/pages\/505\/revisions"}],"predecessor-version":[{"id":506,"href":"https:\/\/www.przedszkole4.bwi.pl\/index.php\/wp-json\/wp\/v2\/pages\/505\/revisions\/506"}],"up":[{"embeddable":true,"href":"https:\/\/www.przedszkole4.bwi.pl\/index.php\/wp-json\/wp\/v2\/pages\/144"}],"wp:attachment":[{"href":"https:\/\/www.przedszkole4.bwi.pl\/index.php\/wp-json\/wp\/v2\/media?parent=505"}],"curies":[{"name":"wp","href":"https:\/\/api.w.org\/{rel}","templated":true}]}}