{"id":409,"date":"2019-09-09T22:19:29","date_gmt":"2019-09-09T20:19:29","guid":{"rendered":"http:\/\/www.przedszkole4.bwi.pl\/?page_id=409"},"modified":"2024-07-02T15:25:34","modified_gmt":"2024-07-02T13:25:34","slug":"realizowane-projekty","status":"publish","type":"page","link":"https:\/\/www.przedszkole4.bwi.pl\/index.php\/oferta-edukacyjna\/realizowane-projekty\/","title":{"rendered":"Realizowane projekty"},"content":{"rendered":"<div>\n<div class=\"\" dir=\"auto\">\n<div id=\":r32:\" class=\"x1iorvi4 x1pi30zi x1l90r2v x1swvt13\" data-ad-comet-preview=\"message\" data-ad-preview=\"message\">\n<div class=\"x78zum5 xdt5ytf xz62fqu x16ldp7u\">\n<div class=\"xu06os2 x1ok221b\">\n<div class=\"xdj266r x11i5rnm xat24cr x1mh8g0r x1vvkbs x126k92a\">\n<div dir=\"auto\"><\/div>\n<div dir=\"auto\"><strong>Rok 2023\/2024<\/strong><\/div>\n<ul>\n<li dir=\"auto\">Empatyczne przedszkole<\/li>\n<li dir=\"auto\">Czyste powietrze wok\u00f3\u0142 nas<\/li>\n<li dir=\"auto\">Sk\u0105d si\u0119 bior\u0105 produkty ekologiczne<\/li>\n<li dir=\"auto\">Wyzwania Teodora<\/li>\n<li dir=\"auto\">Akademia dobrych manier<\/li>\n<li dir=\"auto\">Czy\u015bciochowa Akademia<\/li>\n<li dir=\"auto\">Wol\u0119 wod\u0119<\/li>\n<li dir=\"auto\">Z kici\u0105 kocia Maluchy zmieniaj\u0105 si\u0119 w Zuchy<\/li>\n<li dir=\"auto\">Kubusiowi przyjaciele Przyrody<\/li>\n<li dir=\"auto\">\" Alfabet logopedyczny- innowacja pedagogiczna\"<\/li>\n<\/ul>\n<div dir=\"auto\"><\/div>\n<div dir=\"auto\">Pracowity rok\u00a0<span style=\"font-size: 1rem;\">przedszkolny\u00a0 <\/span><span style=\"font-size: 1rem;\">2022\/2023\u00a0 za nami <\/span><span class=\"x3nfvp2 x1j61x8r x1fcty0u xdj266r xhhsvwb xat24cr xgzva0m xxymvpz xlup9mm x1kky2od\" style=\"font-size: 1rem;\"><img loading=\"lazy\" src=\"https:\/\/static.xx.fbcdn.net\/images\/emoji.php\/v9\/t4c\/1\/16\/1f642.png\" alt=\"\ud83d\ude42\" width=\"16\" height=\"16\" \/><\/span><\/div>\n<\/div>\n<\/div>\n<\/div>\n<\/div>\n<\/div>\n<div id=\":r33:\" class=\"x1n2onr6\">\n<div class=\"x1n2onr6\">\n<div>\n<div class=\"x1n2onr6\">\n<div class=\"x1n2onr6\">\n<div class=\"x6ikm8r x10wlt62 x10l6tqk\">\n<div class=\"x6ikm8r x10wlt62\">\n<div class=\"xqtp20y x6ikm8r x10wlt62 x1n2onr6\">\n<div class=\"x10l6tqk x13vifvy\"><img class=\"x1ey2m1c xds687c x5yr21d x10l6tqk x17qophe x13vifvy xh8yej3\" src=\"https:\/\/scontent.fktw4-1.fna.fbcdn.net\/v\/t39.30808-6\/356818594_269232715697193_8859944861579817320_n.jpg?stp=dst-jpg_p417x417&amp;_nc_cat=100&amp;ccb=1-7&amp;_nc_sid=8bfeb9&amp;_nc_ohc=qwTTYuhCiN0AX-n-BEo&amp;_nc_ht=scontent.fktw4-1.fna&amp;oh=00_AfAZiV_HIY6z8l1hUnAHTMq1IGuC1SijoCTSw_qYuVdTmw&amp;oe=64A2B1C9\" alt=\"\" \/><\/div>\n<\/div>\n<div class=\"xua58t2 xzg4506 x1ey2m1c x9f619 xds687c x47corl x10l6tqk x17qophe x13vifvy\"><\/div>\n<\/div>\n<div class=\"x1o1ewxj x3x9cwd x1e5q0jg x13rtm0m x1ey2m1c xds687c xg01cxk x47corl x10l6tqk x17qophe x13vifvy x1ebt8du x19991ni x1dhq9h\" data-visualcompletion=\"ignore\"><\/div>\n<\/div>\n<div class=\"x6ikm8r x10wlt62 x10l6tqk\">\n<div class=\"x6ikm8r x10wlt62\">\n<div class=\"xqtp20y x6ikm8r x10wlt62 x1n2onr6\">\n<div class=\"x10l6tqk x13vifvy\"><img class=\"x1ey2m1c xds687c x5yr21d x10l6tqk x17qophe x13vifvy xh8yej3\" src=\"https:\/\/scontent.fktw4-1.fna.fbcdn.net\/v\/t39.30808-6\/356816889_269232895697175_2747092796892293574_n.jpg?stp=dst-jpg_p417x417&amp;_nc_cat=108&amp;ccb=1-7&amp;_nc_sid=8bfeb9&amp;_nc_ohc=5DqqX1hc_-QAX-o4DfH&amp;_nc_ht=scontent.fktw4-1.fna&amp;oh=00_AfAD5JzGc3N8yOuDiB80uYtmdjt7isfo29ZBxBVtMHnvEQ&amp;oe=64A47886\" alt=\"\" \/><\/div>\n<\/div>\n<\/div>\n<\/div>\n<div class=\"x6ikm8r x10wlt62 x10l6tqk\">\n<div class=\"x6ikm8r x10wlt62\">\n<div class=\"xqtp20y x6ikm8r x10wlt62 x1n2onr6\">\n<div class=\"x10l6tqk x13vifvy\"><img class=\"x1ey2m1c xds687c x5yr21d x10l6tqk x17qophe x13vifvy xh8yej3\" src=\"https:\/\/scontent.fktw4-1.fna.fbcdn.net\/v\/t39.30808-6\/357117787_269232795697185_6559102445290091590_n.jpg?stp=dst-jpg_p552x414&amp;_nc_cat=111&amp;ccb=1-7&amp;_nc_sid=8bfeb9&amp;_nc_ohc=tQ2Cc8-ho2wAX93TBv3&amp;_nc_ht=scontent.fktw4-1.fna&amp;oh=00_AfBy3HwrrKZnDgJWeyu7Fm20CTHkNHzh7VWMKgeWSknBjA&amp;oe=64A3F4AB\" alt=\"\" \/><\/div>\n<\/div>\n<div class=\"xua58t2 xzg4506 x1ey2m1c x9f619 xds687c x47corl x10l6tqk x17qophe x13vifvy\"><\/div>\n<\/div>\n<div class=\"x1o1ewxj x3x9cwd x1e5q0jg x13rtm0m x1ey2m1c xds687c xg01cxk x47corl x10l6tqk x17qophe x13vifvy x1ebt8du x19991ni x1dhq9h\" data-visualcompletion=\"ignore\"><\/div>\n<\/div>\n<div class=\"x6ikm8r x10wlt62 x10l6tqk\">\n<div class=\"x6ikm8r x10wlt62\">\n<div class=\"xqtp20y x6ikm8r x10wlt62 x1n2onr6\">\n<div class=\"x10l6tqk x13vifvy\"><img class=\"x1ey2m1c xds687c x5yr21d x10l6tqk x17qophe x13vifvy xh8yej3\" src=\"https:\/\/scontent.fktw4-1.fna.fbcdn.net\/v\/t39.30808-6\/356719843_269232822363849_5594320949796454193_n.jpg?stp=dst-jpg_s600x600&amp;_nc_cat=111&amp;ccb=1-7&amp;_nc_sid=8bfeb9&amp;_nc_ohc=OF8BeweLS44AX8Dd_Gm&amp;_nc_ht=scontent.fktw4-1.fna&amp;oh=00_AfCptoNbquVk8mg8iwTiifY5emOcjksCE8IkA2BGc3N7TA&amp;oe=64A2FE4E\" alt=\"\" \/><\/div>\n<\/div>\n<div class=\"xua58t2 xzg4506 x1ey2m1c x9f619 xds687c x47corl x10l6tqk x17qophe x13vifvy\"><\/div>\n<\/div>\n<div class=\"x1o1ewxj x3x9cwd x1e5q0jg x13rtm0m x1ey2m1c xds687c xg01cxk x47corl x10l6tqk x17qophe x13vifvy x1ebt8du x19991ni x1dhq9h\" data-visualcompletion=\"ignore\"><\/div>\n<\/div>\n<div class=\"x6ikm8r x10wlt62 x10l6tqk\">\n<div class=\"x6ikm8r x10wlt62\">\n<div class=\"xqtp20y x6ikm8r x10wlt62 x1n2onr6\">\n<div class=\"x10l6tqk x13vifvy\"><img class=\"x1ey2m1c xds687c x5yr21d x10l6tqk x17qophe x13vifvy xh8yej3\" src=\"https:\/\/scontent.fktw4-1.fna.fbcdn.net\/v\/t39.30808-6\/356896983_269232852363846_4896455433460127376_n.jpg?stp=dst-jpg_p417x417&amp;_nc_cat=100&amp;ccb=1-7&amp;_nc_sid=8bfeb9&amp;_nc_ohc=qn2SJGahaPIAX8e5s1q&amp;_nc_ht=scontent.fktw4-1.fna&amp;oh=00_AfBo_NWUFgw78lmtDhNVgTd4zZ7zUVcqjwtmdJWkk7DmFA&amp;oe=64A3A510\" alt=\"\" \/><\/div>\n<\/div>\n<div class=\"xua58t2 xzg4506 x1ey2m1c x9f619 xds687c x47corl x10l6tqk x17qophe x13vifvy\"><\/div>\n<\/div>\n<div class=\"x1o1ewxj x3x9cwd x1e5q0jg x13rtm0m x1ey2m1c xds687c xg01cxk x47corl x10l6tqk x17qophe x13vifvy x1ebt8du x19991ni x1dhq9h\" data-visualcompletion=\"ignore\"><\/div>\n<\/div>\n<\/div>\n<\/div>\n<\/div>\n<\/div>\n<div class=\"x6ikm8r x10wlt62\"><\/div>\n<\/div>\n<\/div>\n<div class=\"x8gbvx8 xdppsyt x1n2xptk x78zum5 x1q0g3np x1qughib xz9dl7a xn6708d xsag5q8 xpkgp8e\">\n<div class=\"x6s0dn4 x78zum5 x1nhvcw1\"><\/div>\n<\/div>\n<div>\n<div class=\"x168nmei x13lgxp2 x30kzoy x9jhf4c x6ikm8r x10wlt62\" data-visualcompletion=\"ignore-dynamic\">\n<div>\n<div>\n<div>\n<div class=\"x1n2onr6\">\n<div class=\"x6s0dn4 xi81zsa x78zum5 x6prxxf x13a6bvl xvq8zen xdj266r xktsk01 xat24cr x1d52u69 x889kno x4uap5 x1a8lsjc xkhd6sd xdppsyt\">\n<div class=\"x9f619 x1n2onr6 x1ja2u2z x78zum5 x2lah0s x1qughib x1qjc9v5 xozqiw3 x1q0g3np xykv574 xbmpl8g x4cne27 xifccgj\"><\/div>\n<\/div>\n<\/div>\n<\/div>\n<\/div>\n<\/div>\n<\/div>\n<\/div>\n<p>&nbsp;<\/p>\n<p>Projekty realizowane w roku 2021\/2022<\/p>\n<div id='gallery-1' class='gallery galleryid-409 gallery-columns-4 gallery-size-thumbnail'><figure class='gallery-item'>\n\t\t\t<div class='gallery-icon portrait'>\n\t\t\t\t<a href='https:\/\/www.przedszkole4.bwi.pl\/wp-content\/uploads\/2021\/11\/piekna-nasza-polska-cala-749x1024.jpg' title=\"\" data-rl_title=\"\" class=\"rl-gallery-link\" data-rl_caption=\"\" data-rel=\"lightbox-gallery-1\"><img width=\"150\" height=\"150\" src=\"https:\/\/www.przedszkole4.bwi.pl\/wp-content\/uploads\/2021\/11\/piekna-nasza-polska-cala-150x150.jpg\" class=\"attachment-thumbnail size-thumbnail\" alt=\"\" loading=\"lazy\" \/><\/a>\n\t\t\t<\/div><\/figure><figure class='gallery-item'>\n\t\t\t<div class='gallery-icon portrait'>\n\t\t\t\t<a href='https:\/\/www.przedszkole4.bwi.pl\/wp-content\/uploads\/2021\/11\/plakat-wersja-nr-1-zis-2122-1448x2048-1-724x1024.png' title=\"\" data-rl_title=\"\" class=\"rl-gallery-link\" data-rl_caption=\"\" data-rel=\"lightbox-gallery-1\"><img width=\"150\" height=\"150\" src=\"https:\/\/www.przedszkole4.bwi.pl\/wp-content\/uploads\/2021\/11\/plakat-wersja-nr-1-zis-2122-1448x2048-1-150x150.png\" class=\"attachment-thumbnail size-thumbnail\" alt=\"\" loading=\"lazy\" \/><\/a>\n\t\t\t<\/div><\/figure><figure class='gallery-item'>\n\t\t\t<div class='gallery-icon portrait'>\n\t\t\t\t<a href='https:\/\/www.przedszkole4.bwi.pl\/wp-content\/uploads\/2021\/11\/wyzwania-teodora-724x1024.jpg' title=\"\" data-rl_title=\"\" class=\"rl-gallery-link\" data-rl_caption=\"\" data-rel=\"lightbox-gallery-1\"><img width=\"150\" height=\"150\" src=\"https:\/\/www.przedszkole4.bwi.pl\/wp-content\/uploads\/2021\/11\/wyzwania-teodora-150x150.jpg\" class=\"attachment-thumbnail size-thumbnail\" alt=\"\" loading=\"lazy\" \/><\/a>\n\t\t\t<\/div><\/figure><figure class='gallery-item'>\n\t\t\t<div class='gallery-icon portrait'>\n\t\t\t\t<a href='https:\/\/www.przedszkole4.bwi.pl\/wp-content\/uploads\/2021\/11\/z_kultura_mi_do_twarzy2-730x1024.jpg' title=\"\" data-rl_title=\"\" class=\"rl-gallery-link\" data-rl_caption=\"\" data-rel=\"lightbox-gallery-1\"><img width=\"150\" height=\"150\" src=\"https:\/\/www.przedszkole4.bwi.pl\/wp-content\/uploads\/2021\/11\/z_kultura_mi_do_twarzy2-150x150.jpg\" class=\"attachment-thumbnail size-thumbnail\" alt=\"\" loading=\"lazy\" \/><\/a>\n\t\t\t<\/div><\/figure>\n\t\t<\/div>\n\n<div id='gallery-2' class='gallery galleryid-409 gallery-columns-2 gallery-size-thumbnail'><figure class='gallery-item'>\n\t\t\t<div class='gallery-icon portrait'>\n\t\t\t\t<a href='https:\/\/www.przedszkole4.bwi.pl\/wp-content\/uploads\/2022\/02\/244648045_414631790027293_9103808410213231070_n.jpg' title=\"\" data-rl_title=\"\" class=\"rl-gallery-link\" data-rl_caption=\"\" data-rel=\"lightbox-gallery-2\"><img width=\"150\" height=\"150\" src=\"https:\/\/www.przedszkole4.bwi.pl\/wp-content\/uploads\/2022\/02\/244648045_414631790027293_9103808410213231070_n-150x150.jpg\" class=\"attachment-thumbnail size-thumbnail\" alt=\"\" loading=\"lazy\" \/><\/a>\n\t\t\t<\/div><\/figure><figure class='gallery-item'>\n\t\t\t<div class='gallery-icon landscape'>\n\t\t\t\t<a href='https:\/\/www.przedszkole4.bwi.pl\/wp-content\/uploads\/2022\/02\/wyprawy.png' title=\"\" data-rl_title=\"\" class=\"rl-gallery-link\" data-rl_caption=\"\" data-rel=\"lightbox-gallery-2\"><img width=\"150\" height=\"150\" src=\"https:\/\/www.przedszkole4.bwi.pl\/wp-content\/uploads\/2022\/02\/wyprawy-150x150.png\" class=\"attachment-thumbnail size-thumbnail\" alt=\"\" loading=\"lazy\" \/><\/a>\n\t\t\t<\/div><\/figure>\n\t\t<\/div>\n\n<div id='gallery-3' class='gallery galleryid-409 gallery-columns-1 gallery-size-thumbnail'><figure class='gallery-item'>\n\t\t\t<div class='gallery-icon landscape'>\n\t\t\t\t<a href='https:\/\/www.przedszkole4.bwi.pl\/wp-content\/uploads\/2022\/02\/kubusiowi-1024x449.png' title=\"\" data-rl_title=\"\" class=\"rl-gallery-link\" data-rl_caption=\"\" data-rel=\"lightbox-gallery-3\"><img width=\"150\" height=\"150\" src=\"https:\/\/www.przedszkole4.bwi.pl\/wp-content\/uploads\/2022\/02\/kubusiowi-150x150.png\" class=\"attachment-thumbnail size-thumbnail\" alt=\"\" loading=\"lazy\" \/><\/a>\n\t\t\t<\/div><\/figure>\n\t\t<\/div>\n\n<p>Projekty realizowane w roku 2020\/2021<\/p>\n<div id='gallery-4' class='gallery galleryid-409 gallery-columns-4 gallery-size-thumbnail'><figure class='gallery-item'>\n\t\t\t<div class='gallery-icon portrait'>\n\t\t\t\t<a href='https:\/\/www.przedszkole4.bwi.pl\/wp-content\/uploads\/2020\/10\/G\u00f3ra-Grosza.png' title=\"\" data-rl_title=\"\" class=\"rl-gallery-link\" data-rl_caption=\"\" data-rel=\"lightbox-gallery-4\"><img width=\"150\" height=\"150\" src=\"https:\/\/www.przedszkole4.bwi.pl\/wp-content\/uploads\/2020\/10\/G\u00f3ra-Grosza-150x150.png\" class=\"attachment-thumbnail size-thumbnail\" alt=\"\" loading=\"lazy\" \/><\/a>\n\t\t\t<\/div><\/figure><figure class='gallery-item'>\n\t\t\t<div class='gallery-icon portrait'>\n\t\t\t\t<a href='https:\/\/www.przedszkole4.bwi.pl\/wp-content\/uploads\/2020\/10\/Wyzwania-Teodora.png' title=\"\" data-rl_title=\"\" class=\"rl-gallery-link\" data-rl_caption=\"\" data-rel=\"lightbox-gallery-4\"><img width=\"150\" height=\"150\" src=\"https:\/\/www.przedszkole4.bwi.pl\/wp-content\/uploads\/2020\/10\/Wyzwania-Teodora-150x150.png\" class=\"attachment-thumbnail size-thumbnail\" alt=\"\" loading=\"lazy\" \/><\/a>\n\t\t\t<\/div><\/figure><figure class='gallery-item'>\n\t\t\t<div class='gallery-icon portrait'>\n\t\t\t\t<a href='https:\/\/www.przedszkole4.bwi.pl\/wp-content\/uploads\/2020\/10\/Piekna-nasza-Poska-ca\u0142a-673x1024.jpg' title=\"\" data-rl_title=\"\" class=\"rl-gallery-link\" data-rl_caption=\"\" data-rel=\"lightbox-gallery-4\"><img width=\"150\" height=\"150\" src=\"https:\/\/www.przedszkole4.bwi.pl\/wp-content\/uploads\/2020\/10\/Piekna-nasza-Poska-ca\u0142a-150x150.jpg\" class=\"attachment-thumbnail size-thumbnail\" alt=\"\" loading=\"lazy\" \/><\/a>\n\t\t\t<\/div><\/figure><figure class='gallery-item'>\n\t\t\t<div class='gallery-icon portrait'>\n\t\t\t\t<a href='https:\/\/www.przedszkole4.bwi.pl\/wp-content\/uploads\/2020\/10\/Ma\u0142y-Mi\u015b.png' title=\"\" data-rl_title=\"\" class=\"rl-gallery-link\" data-rl_caption=\"\" data-rel=\"lightbox-gallery-4\"><img width=\"150\" height=\"150\" src=\"https:\/\/www.przedszkole4.bwi.pl\/wp-content\/uploads\/2020\/10\/Ma\u0142y-Mi\u015b-150x150.png\" class=\"attachment-thumbnail size-thumbnail\" alt=\"\" loading=\"lazy\" \/><\/a>\n\t\t\t<\/div><\/figure>\n\t\t<\/div>\n\n<p>Projekty realizowane w roku 2019\/2020<\/p>\n<div id='gallery-5' class='gallery galleryid-409 gallery-columns-5 gallery-size-thumbnail'><figure class='gallery-item'>\n\t\t\t<div class='gallery-icon portrait'>\n\t\t\t\t<a href='https:\/\/www.przedszkole4.bwi.pl\/wp-content\/uploads\/2019\/09\/Zdrowo-i-sportowo.jpg' title=\"\" data-rl_title=\"\" class=\"rl-gallery-link\" data-rl_caption=\"\" data-rel=\"lightbox-gallery-5\"><img width=\"150\" height=\"150\" src=\"https:\/\/www.przedszkole4.bwi.pl\/wp-content\/uploads\/2019\/09\/Zdrowo-i-sportowo-150x150.jpg\" class=\"attachment-thumbnail size-thumbnail\" alt=\"\" loading=\"lazy\" \/><\/a>\n\t\t\t<\/div><\/figure><figure class='gallery-item'>\n\t\t\t<div class='gallery-icon landscape'>\n\t\t\t\t<a href='https:\/\/www.przedszkole4.bwi.pl\/wp-content\/uploads\/2019\/09\/Ma\u0142y-Mi\u015b.png' title=\"\" data-rl_title=\"\" class=\"rl-gallery-link\" data-rl_caption=\"\" data-rel=\"lightbox-gallery-5\"><img width=\"150\" height=\"150\" src=\"https:\/\/www.przedszkole4.bwi.pl\/wp-content\/uploads\/2019\/09\/Ma\u0142y-Mi\u015b-150x150.png\" class=\"attachment-thumbnail size-thumbnail\" alt=\"\" loading=\"lazy\" \/><\/a>\n\t\t\t<\/div><\/figure><figure class='gallery-item'>\n\t\t\t<div class='gallery-icon landscape'>\n\t\t\t\t<a href='https:\/\/www.przedszkole4.bwi.pl\/wp-content\/uploads\/2019\/09\/Czyste-powietrze-wok\u00f3\u0142-nas.jpg' title=\"\" data-rl_title=\"\" class=\"rl-gallery-link\" data-rl_caption=\"\" data-rel=\"lightbox-gallery-5\"><img width=\"150\" height=\"150\" src=\"https:\/\/www.przedszkole4.bwi.pl\/wp-content\/uploads\/2019\/09\/Czyste-powietrze-wok\u00f3\u0142-nas-150x150.jpg\" class=\"attachment-thumbnail size-thumbnail\" alt=\"\" loading=\"lazy\" \/><\/a>\n\t\t\t<\/div><\/figure><figure class='gallery-item'>\n\t\t\t<div class='gallery-icon landscape'>\n\t\t\t\t<a href='https:\/\/www.przedszkole4.bwi.pl\/wp-content\/uploads\/2019\/09\/Ca\u0142a-Polska-czyta-dzieciom.jpg' title=\"\" data-rl_title=\"\" class=\"rl-gallery-link\" data-rl_caption=\"\" data-rel=\"lightbox-gallery-5\"><img width=\"150\" height=\"150\" src=\"https:\/\/www.przedszkole4.bwi.pl\/wp-content\/uploads\/2019\/09\/Ca\u0142a-Polska-czyta-dzieciom-150x150.jpg\" class=\"attachment-thumbnail size-thumbnail\" alt=\"\" loading=\"lazy\" \/><\/a>\n\t\t\t<\/div><\/figure><figure class='gallery-item'>\n\t\t\t<div class='gallery-icon landscape'>\n\t\t\t\t<a href='https:\/\/www.przedszkole4.bwi.pl\/wp-content\/uploads\/2019\/09\/ZiS_logo.png' title=\"\" data-rl_title=\"\" class=\"rl-gallery-link\" data-rl_caption=\"\" data-rel=\"lightbox-gallery-5\"><img width=\"150\" height=\"150\" src=\"https:\/\/www.przedszkole4.bwi.pl\/wp-content\/uploads\/2019\/09\/ZiS_logo-150x150.png\" class=\"attachment-thumbnail size-thumbnail\" alt=\"\" loading=\"lazy\" srcset=\"https:\/\/www.przedszkole4.bwi.pl\/wp-content\/uploads\/2019\/09\/ZiS_logo-150x150.png 150w, https:\/\/www.przedszkole4.bwi.pl\/wp-content\/uploads\/2019\/09\/ZiS_logo-300x300.png 300w, https:\/\/www.przedszkole4.bwi.pl\/wp-content\/uploads\/2019\/09\/ZiS_logo.png 720w\" sizes=\"(max-width: 150px) 100vw, 150px\" \/><\/a>\n\t\t\t<\/div><\/figure><figure class='gallery-item'>\n\t\t\t<div class='gallery-icon landscape'>\n\t\t\t\t<a href='https:\/\/www.przedszkole4.bwi.pl\/wp-content\/uploads\/2019\/11\/Screenshot_20191103_101427-1024x425.jpg' title=\"\" data-rl_title=\"\" class=\"rl-gallery-link\" data-rl_caption=\"\" data-rel=\"lightbox-gallery-5\"><img width=\"150\" height=\"150\" src=\"https:\/\/www.przedszkole4.bwi.pl\/wp-content\/uploads\/2019\/11\/Screenshot_20191103_101427-150x150.jpg\" class=\"attachment-thumbnail size-thumbnail\" alt=\"\" loading=\"lazy\" aria-describedby=\"gallery-5-656\" \/><\/a>\n\t\t\t<\/div>\n\t\t\t\t<figcaption class='wp-caption-text gallery-caption' id='gallery-5-656'>\n\t\t\t\tId\u0105 \u015awi\u0119ta &#8211; 1\n\t\t\t\t<\/figcaption><\/figure><figure class='gallery-item'>\n\t\t\t<div class='gallery-icon landscape'>\n\t\t\t\t<a href='https:\/\/www.przedszkole4.bwi.pl\/wp-content\/uploads\/2019\/11\/Screenshot_20191103_101451-1024x450.jpg' title=\"\" data-rl_title=\"\" class=\"rl-gallery-link\" data-rl_caption=\"\" data-rel=\"lightbox-gallery-5\"><img width=\"150\" height=\"150\" src=\"https:\/\/www.przedszkole4.bwi.pl\/wp-content\/uploads\/2019\/11\/Screenshot_20191103_101451-150x150.jpg\" class=\"attachment-thumbnail size-thumbnail\" alt=\"\" loading=\"lazy\" aria-describedby=\"gallery-5-655\" \/><\/a>\n\t\t\t<\/div>\n\t\t\t\t<figcaption class='wp-caption-text gallery-caption' id='gallery-5-655'>\n\t\t\t\tId\u0105 \u015awi\u0119ta &#8211; 2\n\t\t\t\t<\/figcaption><\/figure>\n\t\t<\/div>\n\n<p>&nbsp;<\/p>\n<p>&nbsp;<\/p>\n","protected":false},"excerpt":{"rendered":"<p>Rok 2023\/2024 Empatyczne przedszkole Czyste powietrze wok\u00f3\u0142 nas Sk\u0105d si\u0119 bior\u0105 produkty ekologiczne Wyzwania Teodora Akademia dobrych manier Czy\u015bciochowa Akademia Wol\u0119 wod\u0119 Z kici\u0105 kocia Maluchy zmieniaj\u0105 si\u0119 w Zuchy Kubusiowi przyjaciele Przyrody \" Alfabet logopedyczny- innowacja pedagogiczna\" Pracowity rok\u00a0przedszkolny\u00a0 2022\/2023\u00a0 za nami &nbsp; Projekty realizowane w roku 2021\/2022 Projekty realizowane w roku 2020\/2021 Projekty <a href=\"https:\/\/www.przedszkole4.bwi.pl\/index.php\/oferta-edukacyjna\/realizowane-projekty\/\" class=\"more-link\">Czytaj dalej...<span class=\"screen-reader-text\"> \"Realizowane projekty\"<\/span><\/a><\/p>\n","protected":false},"author":1,"featured_media":0,"parent":196,"menu_order":0,"comment_status":"closed","ping_status":"closed","template":"","meta":[],"_links":{"self":[{"href":"https:\/\/www.przedszkole4.bwi.pl\/index.php\/wp-json\/wp\/v2\/pages\/409"}],"collection":[{"href":"https:\/\/www.przedszkole4.bwi.pl\/index.php\/wp-json\/wp\/v2\/pages"}],"about":[{"href":"https:\/\/www.przedszkole4.bwi.pl\/index.php\/wp-json\/wp\/v2\/types\/page"}],"author":[{"embeddable":true,"href":"https:\/\/www.przedszkole4.bwi.pl\/index.php\/wp-json\/wp\/v2\/users\/1"}],"replies":[{"embeddable":true,"href":"https:\/\/www.przedszkole4.bwi.pl\/index.php\/wp-json\/wp\/v2\/comments?post=409"}],"version-history":[{"count":15,"href":"https:\/\/www.przedszkole4.bwi.pl\/index.php\/wp-json\/wp\/v2\/pages\/409\/revisions"}],"predecessor-version":[{"id":10427,"href":"https:\/\/www.przedszkole4.bwi.pl\/index.php\/wp-json\/wp\/v2\/pages\/409\/revisions\/10427"}],"up":[{"embeddable":true,"href":"https:\/\/www.przedszkole4.bwi.pl\/index.php\/wp-json\/wp\/v2\/pages\/196"}],"wp:attachment":[{"href":"https:\/\/www.przedszkole4.bwi.pl\/index.php\/wp-json\/wp\/v2\/media?parent=409"}],"curies":[{"name":"wp","href":"https:\/\/api.w.org\/{rel}","templated":true}]}}