{"id":209,"date":"2019-05-31T00:25:37","date_gmt":"2019-05-30T22:25:37","guid":{"rendered":"http:\/\/bwi.home.pl\/przedszkole4\/wordpress\/?page_id=209"},"modified":"2019-05-31T00:25:37","modified_gmt":"2019-05-30T22:25:37","slug":"baterie-zbieramy-o-srodowisko-dbamy","status":"publish","type":"page","link":"https:\/\/www.przedszkole4.bwi.pl\/index.php\/wspieramy-i-pomagamy\/baterie-zbieramy-o-srodowisko-dbamy\/","title":{"rendered":"\u201eBaterie zbieramy, o \u015brodowisko dbamy&#8221;"},"content":{"rendered":"<p>Nasza plac\u00f3wka uczestniczy aktywnie w zbi\u00f3rce zu\u017cytych baterii ju\u017c od kilkunastu lat. Przez ca\u0142y rok przedszkolny dzieci z wszystkich grup regularnie i z zaanga\u017cowaniem przynosz\u0105 do specjalnego pojemnika zu\u017cyte baterie,\u00a0uczestnicz\u0105c tym samym we wspania\u0142ej akcji i jednocze\u015bnie konkursie\u00a0\u201eZbi\u00f3rka zu\u017cytych baterii\u201d\u00a0organizowanym przez Urz\u0105d Miejski w Brzesku, kt\u00f3rego celem by\u0142o podnoszenie \u015bwiadomo\u015bci ekologicznej dzieci i ch\u0119ci dbania o czysto\u015b\u0107 \u015brodowiska naturalnego. Efektem tej zbi\u00f3rki by\u0142o zebranie kilkunastu kilogram\u00f3w zu\u017cytych baterii w naszym przedszkolu. Za zebrane baterie otrzymali\u015bmy du\u017co nagr\u00f3d rzeczowych zajmuj\u0105c pierwsze miejsca w gminie Brzesko.<\/p>\n<p>Zach\u0119camy dzieci i rodzic\u00f3w do w\u0142\u0105czenia si\u0119 w zbi\u00f3rk\u0119 baterii.<\/p>\n","protected":false},"excerpt":{"rendered":"<p>Nasza plac\u00f3wka uczestniczy aktywnie w zbi\u00f3rce zu\u017cytych baterii ju\u017c od kilkunastu lat. Przez ca\u0142y rok przedszkolny dzieci z wszystkich grup regularnie i z zaanga\u017cowaniem przynosz\u0105 do specjalnego pojemnika zu\u017cyte baterie,\u00a0uczestnicz\u0105c tym samym we wspania\u0142ej akcji i jednocze\u015bnie konkursie\u00a0\u201eZbi\u00f3rka zu\u017cytych baterii\u201d\u00a0organizowanym przez Urz\u0105d Miejski w Brzesku, kt\u00f3rego celem by\u0142o podnoszenie \u015bwiadomo\u015bci ekologicznej dzieci i ch\u0119ci dbania <a href=\"https:\/\/www.przedszkole4.bwi.pl\/index.php\/wspieramy-i-pomagamy\/baterie-zbieramy-o-srodowisko-dbamy\/\" class=\"more-link\">Czytaj dalej...<span class=\"screen-reader-text\"> \"\u201eBaterie zbieramy, o \u015brodowisko dbamy&#8221;\"<\/span><\/a><\/p>\n","protected":false},"author":1,"featured_media":0,"parent":197,"menu_order":0,"comment_status":"closed","ping_status":"closed","template":"","meta":[],"_links":{"self":[{"href":"https:\/\/www.przedszkole4.bwi.pl\/index.php\/wp-json\/wp\/v2\/pages\/209"}],"collection":[{"href":"https:\/\/www.przedszkole4.bwi.pl\/index.php\/wp-json\/wp\/v2\/pages"}],"about":[{"href":"https:\/\/www.przedszkole4.bwi.pl\/index.php\/wp-json\/wp\/v2\/types\/page"}],"author":[{"embeddable":true,"href":"https:\/\/www.przedszkole4.bwi.pl\/index.php\/wp-json\/wp\/v2\/users\/1"}],"replies":[{"embeddable":true,"href":"https:\/\/www.przedszkole4.bwi.pl\/index.php\/wp-json\/wp\/v2\/comments?post=209"}],"version-history":[{"count":1,"href":"https:\/\/www.przedszkole4.bwi.pl\/index.php\/wp-json\/wp\/v2\/pages\/209\/revisions"}],"predecessor-version":[{"id":210,"href":"https:\/\/www.przedszkole4.bwi.pl\/index.php\/wp-json\/wp\/v2\/pages\/209\/revisions\/210"}],"up":[{"embeddable":true,"href":"https:\/\/www.przedszkole4.bwi.pl\/index.php\/wp-json\/wp\/v2\/pages\/197"}],"wp:attachment":[{"href":"https:\/\/www.przedszkole4.bwi.pl\/index.php\/wp-json\/wp\/v2\/media?parent=209"}],"curies":[{"name":"wp","href":"https:\/\/api.w.org\/{rel}","templated":true}]}}