{"id":196,"date":"2019-05-31T00:07:45","date_gmt":"2019-05-30T22:07:45","guid":{"rendered":"http:\/\/bwi.home.pl\/przedszkole4\/wordpress\/?page_id=196"},"modified":"2023-11-14T19:19:32","modified_gmt":"2023-11-14T18:19:32","slug":"oferta-edukacyjna","status":"publish","type":"page","link":"https:\/\/www.przedszkole4.bwi.pl\/index.php\/oferta-edukacyjna\/","title":{"rendered":"Oferta edukacyjna"},"content":{"rendered":"<p>W naszym przedszkolu staramy si\u0119 zapewni\u0107 wychowankom jak najlepsze warunki sprzyjaj\u0105ce prawid\u0142owemu rozwojowi, zdobywaniu wiedzy i umiej\u0119tno\u015bci oraz budowaniu systemu warto\u015bci i prawid\u0142owych postaw moralno-spo\u0142ecznych.<\/p>\n<p>Przedszkole posiada 5 du\u017cych, kolorowych sal zabaw dla oddzia\u0142\u00f3w, do kt\u00f3rych ucz\u0119szczaj\u0105 dzieci w wieku od 3 do 6 lat.<\/p>\n<p>Zapraszamy do obejrzenia filmiku ukazuj\u0105cego walory naszego przedszkola:<\/p>\n<div style=\"width: 625px;\" class=\"wp-video\"><!--[if lt IE 9]><script>document.createElement('video');<\/script><![endif]-->\n<video class=\"wp-video-shortcode\" id=\"video-196-1\" width=\"625\" height=\"352\" preload=\"metadata\" controls=\"controls\"><source type=\"video\/mp4\" src=\"https:\/\/www.przedszkole4.bwi.pl\/wp-content\/uploads\/2023\/11\/Publiczne-Przedszkole-nr-4-im-Jana-Brzechwy-w-Brzesku-videoo.info_-2.mp4?_=1\" \/><a href=\"https:\/\/www.przedszkole4.bwi.pl\/wp-content\/uploads\/2023\/11\/Publiczne-Przedszkole-nr-4-im-Jana-Brzechwy-w-Brzesku-videoo.info_-2.mp4\">https:\/\/www.przedszkole4.bwi.pl\/wp-content\/uploads\/2023\/11\/Publiczne-Przedszkole-nr-4-im-Jana-Brzechwy-w-Brzesku-videoo.info_-2.mp4<\/a><\/video><\/div>\n<p><strong><u>ZAJ\u0118CIA DODATKOWE :<\/u><\/strong><\/p>\n<ul>\n<li><u>J\u0119zyk angielski <\/u>2x w tyg. 30 min<\/li>\n<\/ul>\n<ul>\n<li><u>zaj\u0119cia rytmiczno\u2013umuzykalniaj\u0105ce: <\/u>2 x w tyg. 30 min.<\/li>\n<li><u>katecheza: <\/u>2 x w tyg. 30 min dla 5 i 6 latk\u00f3w<\/li>\n<li>zaj\u0119cia wyr\u00f3wnawcze wg. potrzeb dla dzieci<\/li>\n<li>Pomoc Psychologiczno-Pedagogiczna ze specjalistami : psychologiem, logoped\u0105, terapeut\u0105 pedagogicznym, pedagogiem specjalnym<\/li>\n<li>inne zaj\u0119cia wynikaj\u0105ce z realizacji planu rocznego lub zainteresowa\u0144 dzieci i oczekiwa\u0144 rodzic\u00f3w: <strong>warsztaty, eksperymenty i do\u015bwiadczenia, wycieczki lokalne i krajoznawcze, wyjazdy do teatru, spotkania biblioteczne, dogoterapia, zaj\u0119cia z I pomocy,\u00a0 spotkania z przedstawicielami r\u00f3\u017cnych zawod\u00f3w, akcje charytatywne\u00a0 i wiele innych... \ud83d\ude42<\/strong><\/li>\n<\/ul>\n<p><strong>Praca wychowawczo \u2013 dydaktyczna i opieku\u0144cza prowadzona jest w oparciu o:<\/strong><\/p>\n<ul>\n<li>Podstaw\u0119 programow\u0105 wychowania przedszkolnego dla przedszkoli<\/li>\n<li>Roczny Plan pracy Przedszkola<\/li>\n<li>Program wychowania przedszkolnego: \"Dru\u017cyna marze\u0144\", \"Planeta dzieci. prawda, Dobro, pi\u0119kno\" J. Wasilewskiej\u00a0 wyd. WSiP oraz Program wychowania przedszkolnego D. Kosakowskiej wyd. Podr\u0119cznikarnia<\/li>\n<li>Program nauki j\u0119zyka angielskiego<\/li>\n<li><em>Programy Edukacyjne wg. Realizowane wg. potrzeb<\/em><\/li>\n<li>Program dzia\u0142a\u0144 adaptacyjnych dla dzieci najm\u0142odszych<\/li>\n<li>Program profilaktyki logopedycznej dla najm\u0142odszych<\/li>\n<li>Zagadnienia programu edukacji matematycznej E. Gruszczyk \u2013Kolczy\u0144skiej i Ewy Zieli\u0144skiej \u00a0<em>Dzieci\u0119ca matematyka. Edukacja matematyczna dzieci w domu, w przedszkolu i szkole<\/em><\/li>\n<li>Metody aktywizuj\u0105ce tw\u00f3rcze my\u015blenie i dzia\u0142alno\u015b\u0107 dzieci, doskonal\u0105ce umiej\u0119tno\u015b\u0107 rozwi\u0105zywania problemu<\/li>\n<li>Miesi\u0119czne plany pracy poszczeg\u00f3lnych oddzia\u0142\u00f3w<\/li>\n<\/ul>\n<p><em><strong>\u017bywienie dzieci:<\/strong><\/em><\/p>\n<p>Nasze przedszkole posiada w\u0142asn\u0105 kuchni\u0119 prowadzon\u0105 przez Pani\u0105 Agnieszk\u0119\u00a0 \u00a0 \u00a0 \u00a0(szefow\u0105 kuchni), Pani\u0105 Ani\u0119 i Agatk\u0119 pod czujnym okiem Pani Ewelinki- intendent, kt\u00f3re posiadaj\u0105\u00a0 wykszta\u0142cenie gastronomiczne i dietetyczne oraz certyfikaty dotycz\u0105ce diet i chor\u00f3b \u017cywieniowych.<\/p>\n<div style=\"width: 625px;\" class=\"wp-video\"><video class=\"wp-video-shortcode\" id=\"video-196-2\" width=\"625\" height=\"352\" preload=\"metadata\" controls=\"controls\"><source type=\"video\/mp4\" src=\"https:\/\/www.przedszkole4.bwi.pl\/wp-content\/uploads\/2023\/11\/OD-KUCHNI.mp4?_=2\" \/><a href=\"https:\/\/www.przedszkole4.bwi.pl\/wp-content\/uploads\/2023\/11\/OD-KUCHNI.mp4\">https:\/\/www.przedszkole4.bwi.pl\/wp-content\/uploads\/2023\/11\/OD-KUCHNI.mp4<\/a><\/video><\/div>\n<p>Dbamy o to, aby dostarcza\u0107 dzieciom wy\u0142\u0105cznie zdrowe posi\u0142ki odpowiednio zbilansowane pod wzgl\u0119dem kalorycznym i zawiera\u0142y warto\u015bci od\u017cywcze potrzebne do prawid\u0142owego funkcjonowania organizmu dziecka. Uwa\u017camy, \u017ce zdrowe \u017cywienie jest podstaw\u0105 w\u0142a\u015bciwego rozwoju fizycznego, intelektualnego i emocjonalnego dziecka. Korzystamy z jak najszerszej gamy naturalnych, nieprzetworzonych produkt\u00f3w. Wprowadzamy do diety dzieci produkty pe\u0142noziarniste i posiadaj\u0105ce maksymaln\u0105 ilo\u015b\u0107 sk\u0142adnik\u00f3w od\u017cywczych (minera\u0142\u00f3w, witamin). Nie u\u017cywamy przypraw zawieraj\u0105cych polepszacze smaku, takich jak glutaminian sodu. Potrawy doprawiamy zio\u0142ami i niewielk\u0105 ilo\u015bci\u0105 soli. Zupy gotujemy na mi\u0119sie indyczym oraz na kurczaku z du\u017c\u0105 ilo\u015bci\u0105 \u015bwie\u017cych warzyw lub na wywarach tylko jarzynowych. Stawiamy na sezonowo\u015b\u0107, \u015bwie\u017ce produkty, naturalny smak. Dzieci popijaj\u0105 posi\u0142ki kompotami, herbatami zio\u0142owymi i owocowymi. Wiemy, \u017ce wyrobione dobre nawyki \u017cywieniowe b\u0119d\u0105 owocowa\u0142y na ca\u0142e \u017cycie.<\/p>\n<p>Oferujemy trzy posi\u0142ki dziennie z codzienn\u0105 dawk\u0105 owoc\u00f3w i warzyw\u00a0 tj.<\/p>\n<ul>\n<li>\u015bniadanie<\/li>\n<li>obiad dwudaniowy<\/li>\n<li>podwieczorek<\/li>\n<\/ul>\n","protected":false},"excerpt":{"rendered":"<p>W naszym przedszkolu staramy si\u0119 zapewni\u0107 wychowankom jak najlepsze warunki sprzyjaj\u0105ce prawid\u0142owemu rozwojowi, zdobywaniu wiedzy i umiej\u0119tno\u015bci oraz budowaniu systemu warto\u015bci i prawid\u0142owych postaw moralno-spo\u0142ecznych. Przedszkole posiada 5 du\u017cych, kolorowych sal zabaw dla oddzia\u0142\u00f3w, do kt\u00f3rych ucz\u0119szczaj\u0105 dzieci w wieku od 3 do 6 lat. Zapraszamy do obejrzenia filmiku ukazuj\u0105cego walory naszego przedszkola: ZAJ\u0118CIA DODATKOWE <a href=\"https:\/\/www.przedszkole4.bwi.pl\/index.php\/oferta-edukacyjna\/\" class=\"more-link\">Czytaj dalej...<span class=\"screen-reader-text\"> \"Oferta edukacyjna\"<\/span><\/a><\/p>\n","protected":false},"author":1,"featured_media":0,"parent":0,"menu_order":0,"comment_status":"closed","ping_status":"closed","template":"","meta":[],"_links":{"self":[{"href":"https:\/\/www.przedszkole4.bwi.pl\/index.php\/wp-json\/wp\/v2\/pages\/196"}],"collection":[{"href":"https:\/\/www.przedszkole4.bwi.pl\/index.php\/wp-json\/wp\/v2\/pages"}],"about":[{"href":"https:\/\/www.przedszkole4.bwi.pl\/index.php\/wp-json\/wp\/v2\/types\/page"}],"author":[{"embeddable":true,"href":"https:\/\/www.przedszkole4.bwi.pl\/index.php\/wp-json\/wp\/v2\/users\/1"}],"replies":[{"embeddable":true,"href":"https:\/\/www.przedszkole4.bwi.pl\/index.php\/wp-json\/wp\/v2\/comments?post=196"}],"version-history":[{"count":9,"href":"https:\/\/www.przedszkole4.bwi.pl\/index.php\/wp-json\/wp\/v2\/pages\/196\/revisions"}],"predecessor-version":[{"id":8364,"href":"https:\/\/www.przedszkole4.bwi.pl\/index.php\/wp-json\/wp\/v2\/pages\/196\/revisions\/8364"}],"wp:attachment":[{"href":"https:\/\/www.przedszkole4.bwi.pl\/index.php\/wp-json\/wp\/v2\/media?parent=196"}],"curies":[{"name":"wp","href":"https:\/\/api.w.org\/{rel}","templated":true}]}}