{"id":1522,"date":"2020-10-30T13:29:17","date_gmt":"2020-10-30T12:29:17","guid":{"rendered":"http:\/\/www.przedszkole4.bwi.pl\/?page_id=1522"},"modified":"2020-11-01T20:20:01","modified_gmt":"2020-11-01T19:20:01","slug":"koronawirus-covid-19","status":"publish","type":"page","link":"https:\/\/www.przedszkole4.bwi.pl\/index.php\/koronawirus-covid-19\/","title":{"rendered":"Koronawirus Covid-19"},"content":{"rendered":"<p><a href=\"https:\/\/www.przedszkole4.bwi.pl\/wp-content\/uploads\/2020\/08\/WEWN%C4%98TRZNE-PROCEDURY-BEZPIECZE%C5%83STWA-WRZESIE%C5%83-2020.pdf\">Wewn\u0119trzne Procedury Bezpiecze\u0144stwa WRZESIE\u0143 2020<\/a><\/p>\n<p><a href=\"https:\/\/www.przedszkole4.bwi.pl\/wp-content\/uploads\/2020\/08\/Wytyczne-przeciwepidemiczne-G%C5%82%C3%B3wnego-Inspektora-Sanitarnego-z-25-sierpnia-2020-r.docx\">Wytyczne przeciwepidemiczne G\u0142\u00f3wnego Inspektora Sanitarnego z 25 sierpnia 2020<\/a><\/p>\n<p><a href=\"https:\/\/www.przedszkole4.bwi.pl\/wp-content\/uploads\/2020\/11\/Aneks-do-Wewn\u0119trznej-Procedury-Bezpiecze\u0144stwa.jpg\" data-rel=\"lightbox-gallery-F8hyS6aO\" data-rl_title=\"\" data-rl_caption=\"\" title=\"\">Aneks do Wewn\u0119trznej Procedury Bezpiecze\u0144stwa<\/a><\/p>\n<p>&nbsp;<\/p>\n","protected":false},"excerpt":{"rendered":"<p>Wewn\u0119trzne Procedury Bezpiecze\u0144stwa WRZESIE\u0143 2020 Wytyczne przeciwepidemiczne G\u0142\u00f3wnego Inspektora Sanitarnego z 25 sierpnia 2020 Aneks do Wewn\u0119trznej Procedury Bezpiecze\u0144stwa &nbsp;<\/p>\n","protected":false},"author":1,"featured_media":0,"parent":0,"menu_order":0,"comment_status":"closed","ping_status":"closed","template":"","meta":[],"_links":{"self":[{"href":"https:\/\/www.przedszkole4.bwi.pl\/index.php\/wp-json\/wp\/v2\/pages\/1522"}],"collection":[{"href":"https:\/\/www.przedszkole4.bwi.pl\/index.php\/wp-json\/wp\/v2\/pages"}],"about":[{"href":"https:\/\/www.przedszkole4.bwi.pl\/index.php\/wp-json\/wp\/v2\/types\/page"}],"author":[{"embeddable":true,"href":"https:\/\/www.przedszkole4.bwi.pl\/index.php\/wp-json\/wp\/v2\/users\/1"}],"replies":[{"embeddable":true,"href":"https:\/\/www.przedszkole4.bwi.pl\/index.php\/wp-json\/wp\/v2\/comments?post=1522"}],"version-history":[{"count":3,"href":"https:\/\/www.przedszkole4.bwi.pl\/index.php\/wp-json\/wp\/v2\/pages\/1522\/revisions"}],"predecessor-version":[{"id":1528,"href":"https:\/\/www.przedszkole4.bwi.pl\/index.php\/wp-json\/wp\/v2\/pages\/1522\/revisions\/1528"}],"wp:attachment":[{"href":"https:\/\/www.przedszkole4.bwi.pl\/index.php\/wp-json\/wp\/v2\/media?parent=1522"}],"curies":[{"name":"wp","href":"https:\/\/api.w.org\/{rel}","templated":true}]}}