{"id":141,"date":"2019-03-13T00:54:50","date_gmt":"2019-03-12T23:54:50","guid":{"rendered":"http:\/\/bwi.home.pl\/przedszkole4\/wordpress\/?page_id=141"},"modified":"2024-10-27T09:47:49","modified_gmt":"2024-10-27T08:47:49","slug":"statut","status":"publish","type":"page","link":"https:\/\/www.przedszkole4.bwi.pl\/index.php\/statut\/","title":{"rendered":"Statut, Podstawa prawna, Regulamin"},"content":{"rendered":"<p><img loading=\"lazy\" class=\"aligncenter size-full wp-image-6424\" src=\"https:\/\/www.przedszkole4.bwi.pl\/wp-content\/uploads\/2023\/03\/20230320_113616-1-rotated.jpg\" alt=\"\" width=\"1543\" height=\"2310\" srcset=\"https:\/\/www.przedszkole4.bwi.pl\/wp-content\/uploads\/2023\/03\/20230320_113616-1-rotated.jpg 1543w, https:\/\/www.przedszkole4.bwi.pl\/wp-content\/uploads\/2023\/03\/20230320_113616-1-200x300.jpg 200w, https:\/\/www.przedszkole4.bwi.pl\/wp-content\/uploads\/2023\/03\/20230320_113616-1-684x1024.jpg 684w, https:\/\/www.przedszkole4.bwi.pl\/wp-content\/uploads\/2023\/03\/20230320_113616-1-768x1150.jpg 768w, https:\/\/www.przedszkole4.bwi.pl\/wp-content\/uploads\/2023\/03\/20230320_113616-1-1026x1536.jpg 1026w, https:\/\/www.przedszkole4.bwi.pl\/wp-content\/uploads\/2023\/03\/20230320_113616-1-1368x2048.jpg 1368w, https:\/\/www.przedszkole4.bwi.pl\/wp-content\/uploads\/2023\/03\/20230320_113616-1-960x1437.jpg 960w\" sizes=\"(max-width: 1543px) 100vw, 1543px\" \/><\/p>\n<p><strong>Statut:<\/strong><\/p>\n<p><a href=\"https:\/\/www.przedszkole4.bwi.pl\/wp-content\/uploads\/2024\/10\/Statut-PP4-w-Brzesku-aktualny.docx\">Statut PP4 w Brzesku aktualny<\/a> - prosz\u0119 klikn\u0105\u0107 w link<\/p>\n<p>Zapraszamy do zapoznania si\u0119.<\/p>\n<p>&nbsp;<\/p>\n<p><strong>Procedura <\/strong><strong>przyprowadzania i odbierania dzieci<\/strong><\/p>\n<p><strong>obowi\u0105zuj\u0105ca w Publicznym Przedszkolu Nr 4<\/strong><\/p>\n<p><strong>im. Jana Brzechwy w Brzesku:<\/strong><\/p>\n<p><a href=\"https:\/\/www.przedszkole4.bwi.pl\/wp-content\/uploads\/2024\/10\/PROCEDURA-PRZYPROWADZANIA-I-ODBIERANIA.docx\">PROCEDURA PRZYPROWADZANIA I ODBIERANIA<\/a> - prosz\u0119 klikn\u0105\u0107 w link<\/p>\n<p>Zapraszamy do zapoznania si\u0119.<\/p>\n","protected":false},"excerpt":{"rendered":"<p>Statut: Statut PP4 w Brzesku aktualny - prosz\u0119 klikn\u0105\u0107 w link Zapraszamy do zapoznania si\u0119. &nbsp; Procedura przyprowadzania i odbierania dzieci obowi\u0105zuj\u0105ca w Publicznym Przedszkolu Nr 4 im. Jana Brzechwy w Brzesku: PROCEDURA PRZYPROWADZANIA I ODBIERANIA - prosz\u0119 klikn\u0105\u0107 w link Zapraszamy do zapoznania si\u0119.<\/p>\n","protected":false},"author":1,"featured_media":0,"parent":0,"menu_order":0,"comment_status":"closed","ping_status":"closed","template":"","meta":[],"_links":{"self":[{"href":"https:\/\/www.przedszkole4.bwi.pl\/index.php\/wp-json\/wp\/v2\/pages\/141"}],"collection":[{"href":"https:\/\/www.przedszkole4.bwi.pl\/index.php\/wp-json\/wp\/v2\/pages"}],"about":[{"href":"https:\/\/www.przedszkole4.bwi.pl\/index.php\/wp-json\/wp\/v2\/types\/page"}],"author":[{"embeddable":true,"href":"https:\/\/www.przedszkole4.bwi.pl\/index.php\/wp-json\/wp\/v2\/users\/1"}],"replies":[{"embeddable":true,"href":"https:\/\/www.przedszkole4.bwi.pl\/index.php\/wp-json\/wp\/v2\/comments?post=141"}],"version-history":[{"count":18,"href":"https:\/\/www.przedszkole4.bwi.pl\/index.php\/wp-json\/wp\/v2\/pages\/141\/revisions"}],"predecessor-version":[{"id":10625,"href":"https:\/\/www.przedszkole4.bwi.pl\/index.php\/wp-json\/wp\/v2\/pages\/141\/revisions\/10625"}],"wp:attachment":[{"href":"https:\/\/www.przedszkole4.bwi.pl\/index.php\/wp-json\/wp\/v2\/media?parent=141"}],"curies":[{"name":"wp","href":"https:\/\/api.w.org\/{rel}","templated":true}]}}