{"id":133,"date":"2019-03-13T00:54:50","date_gmt":"2019-03-12T23:54:50","guid":{"rendered":"http:\/\/bwi.home.pl\/przedszkole4\/wordpress\/?page_id=133"},"modified":"2020-03-14T18:52:08","modified_gmt":"2020-03-14T17:52:08","slug":"grupa-iii","status":"publish","type":"page","link":"https:\/\/www.przedszkole4.bwi.pl\/index.php\/grupa-iii\/","title":{"rendered":"Grupa III &#8211; Krasnale"},"content":{"rendered":"<p><strong>Krasnale- grupa 5-latk\u00f3w<\/strong><\/p>\n<p><img loading=\"lazy\" class=\"aligncenter size-medium wp-image-289\" src=\"https:\/\/www.przedszkole4.bwi.pl\/wp-content\/uploads\/2019\/08\/KRASNALE-e1565531500756-207x300.jpg\" alt=\"\" width=\"207\" height=\"300\" srcset=\"https:\/\/www.przedszkole4.bwi.pl\/wp-content\/uploads\/2019\/08\/KRASNALE-e1565531500756-207x300.jpg 207w, https:\/\/www.przedszkole4.bwi.pl\/wp-content\/uploads\/2019\/08\/KRASNALE-e1565531500756.jpg 706w\" sizes=\"(max-width: 207px) 100vw, 207px\" \/><\/p>\n<p>My <strong>krasnoludki <\/strong>5-latki jeste\u015bmy ju\u017c samodzielni, du\u017co umiemy, tropimy g\u0142oski, liczymy\u00a0\u00a0 na paluszkach i liczmanach, rozwi\u0105zujemy zadania w podr\u0119cznikach, ch\u0119tnie si\u0119 uczymy,\u00a0ale podczas zabawy, a nie z przymusu.<\/p>\n<p>Dobrze radzimy sobie z wycinaniem, malowaniem, lepieniem z plasteliny. Uwielbiamy rysowa\u0107 i chwali\u0107 si\u0119 rodzicom swoimi pracami.<\/p>\n<p>Ch\u0119tnie te\u017c bawimy si\u0119 w zabawy badawcze, konstruujemy niezwyk\u0142e budowle z klock\u00f3w, rozwijaj\u0105c pomys\u0142owo\u015b\u0107, wyobra\u017ani\u0119 i spostrzegawczo\u015b\u0107.<\/p>\n<p>Cz\u0119sto s\u0142uchamy ba\u015bni i legend, a bawi\u0105c si\u0119 w teatr stajemy si\u0119 prawdziwymi aktorami i odgrywamy role ulubionych bohater\u00f3w.<\/p>\n<p>Opowiadamy bajki, recytujemy wiersze, \u015bpiewamy piosenki, gramy na instrumentach.\u00a0 Najbardziej lubimy jednak zabawy taneczne przy muzyce, do kt\u00f3rych zapraszamy przy okazji organizowanych w przedszkolu uroczysto\u015bci naszych rodzic\u00f3w oraz babcie i dziadk\u00f3w.<\/p>\n<p>Cho\u0107 wypadaj\u0105 nam coraz cz\u0119\u015bciej mleczaki \u2013 my nie martwimy si\u0119 tym! bo u nas w przedszkolu fajnie jest. I kiedy s\u0142o\u0144ce \u015bwieci i gdy deszczyk pada, zawsze do przedszkola idzie <strong>naszych krasnoludk\u00f3w <\/strong>gromada.<\/p>\n<p><strong><em>\u201e Czy to bajka, czy nie bajka my\u015blcie sobie, jak tam chcecie.<\/em><\/strong><\/p>\n<p><strong><em>A ja przecie\u017c Wam powiadam, krasnoludki s\u0105 na \u015bwiecie.....\u201d<\/em><\/strong><\/p>\n<p><strong style=\"font-size: 1rem;\"><em>M.Konopnicka<\/em><\/strong><\/p>\n<p><a href=\"https:\/\/www.przedszkole4.bwi.pl\/wp-content\/uploads\/2020\/03\/Gr.III-do-pobrania-karty-pracy.zip\">Gr.III - do pobrania karty pracy<\/a><\/p>\n<p><em>\u00a0<\/em><\/p>\n","protected":false},"excerpt":{"rendered":"<p>Krasnale- grupa 5-latk\u00f3w My krasnoludki 5-latki jeste\u015bmy ju\u017c samodzielni, du\u017co umiemy, tropimy g\u0142oski, liczymy\u00a0\u00a0 na paluszkach i liczmanach, rozwi\u0105zujemy zadania w podr\u0119cznikach, ch\u0119tnie si\u0119 uczymy,\u00a0ale podczas zabawy, a nie z przymusu. Dobrze radzimy sobie z wycinaniem, malowaniem, lepieniem z plasteliny. Uwielbiamy rysowa\u0107 i chwali\u0107 si\u0119 rodzicom swoimi pracami. Ch\u0119tnie te\u017c bawimy si\u0119 w zabawy badawcze, <a href=\"https:\/\/www.przedszkole4.bwi.pl\/index.php\/grupa-iii\/\" class=\"more-link\">Czytaj dalej...<span class=\"screen-reader-text\"> \"Grupa III &#8211; Krasnale\"<\/span><\/a><\/p>\n","protected":false},"author":1,"featured_media":0,"parent":0,"menu_order":0,"comment_status":"closed","ping_status":"closed","template":"","meta":[],"_links":{"self":[{"href":"https:\/\/www.przedszkole4.bwi.pl\/index.php\/wp-json\/wp\/v2\/pages\/133"}],"collection":[{"href":"https:\/\/www.przedszkole4.bwi.pl\/index.php\/wp-json\/wp\/v2\/pages"}],"about":[{"href":"https:\/\/www.przedszkole4.bwi.pl\/index.php\/wp-json\/wp\/v2\/types\/page"}],"author":[{"embeddable":true,"href":"https:\/\/www.przedszkole4.bwi.pl\/index.php\/wp-json\/wp\/v2\/users\/1"}],"replies":[{"embeddable":true,"href":"https:\/\/www.przedszkole4.bwi.pl\/index.php\/wp-json\/wp\/v2\/comments?post=133"}],"version-history":[{"count":5,"href":"https:\/\/www.przedszkole4.bwi.pl\/index.php\/wp-json\/wp\/v2\/pages\/133\/revisions"}],"predecessor-version":[{"id":1021,"href":"https:\/\/www.przedszkole4.bwi.pl\/index.php\/wp-json\/wp\/v2\/pages\/133\/revisions\/1021"}],"wp:attachment":[{"href":"https:\/\/www.przedszkole4.bwi.pl\/index.php\/wp-json\/wp\/v2\/media?parent=133"}],"curies":[{"name":"wp","href":"https:\/\/api.w.org\/{rel}","templated":true}]}}