{"id":131,"date":"2019-03-13T00:54:50","date_gmt":"2019-03-12T23:54:50","guid":{"rendered":"http:\/\/bwi.home.pl\/przedszkole4\/wordpress\/?page_id=131"},"modified":"2020-03-24T00:08:32","modified_gmt":"2020-03-23T23:08:32","slug":"grupa-i","status":"publish","type":"page","link":"https:\/\/www.przedszkole4.bwi.pl\/index.php\/grupa-i\/","title":{"rendered":"Grupa I &#8211; S\u0142oneczka"},"content":{"rendered":"<p><strong>GRUPA I \u00a0\u201eS\u0142oneczka\u201d - dzieci 3-letnie\u00a0 \u00a0 \u00a0 \u00a0 \u00a0 <\/strong><\/p>\n<p>&nbsp;<\/p>\n<p style=\"text-align: center;\"><strong><img loading=\"lazy\" class=\"alignnone size-medium wp-image-287\" src=\"https:\/\/www.przedszkole4.bwi.pl\/wp-content\/uploads\/2019\/08\/S\u0142oneczka-200x300.jpg\" alt=\"\" width=\"200\" height=\"300\" srcset=\"https:\/\/www.przedszkole4.bwi.pl\/wp-content\/uploads\/2019\/08\/S\u0142oneczka-200x300.jpg 200w, https:\/\/www.przedszkole4.bwi.pl\/wp-content\/uploads\/2019\/08\/S\u0142oneczka.jpg 684w\" sizes=\"(max-width: 200px) 100vw, 200px\" \/> <\/strong><\/p>\n<p>Grupa S\u0142oneczka to najm\u0142odsza grupa dzieci w naszym przedszkolu. Opr\u00f3cz nauczyciela zawsze z Nami jest pani Jola-osoba wspieraj\u0105ca. Ka\u017cdego roku we wrze\u015bniu przekroczenie progu przedszkola jest ogromnym wyzwanie dla ka\u017cdego maluszka, rodzica i nauczycielek. Prze\u0142amaniu l\u0119ku i wszystkich negatywnych emocji s\u0142u\u017cy \u00a0<strong>okres adaptacyjny,<\/strong> kt\u00f3ry zawsze rozpoczynamy w sierpniu. Razem z rodzicami zwiedzamy w\u00f3wczas przedszkole, plac zabaw, zapoznajemy si\u0119 z sal\u0105 dla dzieci 3-letnich i uczestniczymy w zaj\u0119ciach specjalnie zorganizowanych na te dni. Po zapoznaniu si\u0119 z nowym \u015brodowiskiem jakim jest przedszkole, uczymy si\u0119 nawi\u0105zywa\u0107 bli\u017cszy kontakt z r\u00f3wie\u015bnikami, integrujemy we wsp\u00f3lnej zabawie, zdobywamy nowe umiej\u0119tno\u015bci i nawyki. Najwi\u0119cej czasu po\u015bwi\u0119camy na <strong>nauk\u0119 samodzielno\u015bci i wspania\u0142\u0105 wsp\u00f3ln\u0105 zabaw\u0119,<\/strong> podczas kt\u00f3rej uczymy si\u0119 wielu nowych i ciekawych rzeczy. Uczymy si\u0119 dba\u0107 o sal\u0119. Jeste\u015bmy Maluszkami ciekawymi \u015bwiata i interesujemy si\u0119\u00a0 wszystkim co nas otacza. Lubimy zabawy na placu zabaw i spacery na \u015bwie\u017cym powietrzu. Bierzemy udzia\u0142 tak\u017ce w zaj\u0119ciach j. angielskiego oraz rytmice, a po ca\u0142ym dniu wype\u0142nionym wra\u017ceniami odpoczywamy s\u0142uchaj\u0105c muzyki relaksacyjnej i bajek.<\/p>\n","protected":false},"excerpt":{"rendered":"<p>GRUPA I \u00a0\u201eS\u0142oneczka\u201d - dzieci 3-letnie\u00a0 \u00a0 \u00a0 \u00a0 \u00a0 &nbsp; Grupa S\u0142oneczka to najm\u0142odsza grupa dzieci w naszym przedszkolu. Opr\u00f3cz nauczyciela zawsze z Nami jest pani Jola-osoba wspieraj\u0105ca. Ka\u017cdego roku we wrze\u015bniu przekroczenie progu przedszkola jest ogromnym wyzwanie dla ka\u017cdego maluszka, rodzica i nauczycielek. Prze\u0142amaniu l\u0119ku i wszystkich negatywnych emocji s\u0142u\u017cy \u00a0okres adaptacyjny, kt\u00f3ry <a href=\"https:\/\/www.przedszkole4.bwi.pl\/index.php\/grupa-i\/\" class=\"more-link\">Czytaj dalej...<span class=\"screen-reader-text\"> \"Grupa I &#8211; S\u0142oneczka\"<\/span><\/a><\/p>\n","protected":false},"author":1,"featured_media":0,"parent":0,"menu_order":0,"comment_status":"closed","ping_status":"closed","template":"","meta":[],"_links":{"self":[{"href":"https:\/\/www.przedszkole4.bwi.pl\/index.php\/wp-json\/wp\/v2\/pages\/131"}],"collection":[{"href":"https:\/\/www.przedszkole4.bwi.pl\/index.php\/wp-json\/wp\/v2\/pages"}],"about":[{"href":"https:\/\/www.przedszkole4.bwi.pl\/index.php\/wp-json\/wp\/v2\/types\/page"}],"author":[{"embeddable":true,"href":"https:\/\/www.przedszkole4.bwi.pl\/index.php\/wp-json\/wp\/v2\/users\/1"}],"replies":[{"embeddable":true,"href":"https:\/\/www.przedszkole4.bwi.pl\/index.php\/wp-json\/wp\/v2\/comments?post=131"}],"version-history":[{"count":6,"href":"https:\/\/www.przedszkole4.bwi.pl\/index.php\/wp-json\/wp\/v2\/pages\/131\/revisions"}],"predecessor-version":[{"id":1045,"href":"https:\/\/www.przedszkole4.bwi.pl\/index.php\/wp-json\/wp\/v2\/pages\/131\/revisions\/1045"}],"wp:attachment":[{"href":"https:\/\/www.przedszkole4.bwi.pl\/index.php\/wp-json\/wp\/v2\/media?parent=131"}],"curies":[{"name":"wp","href":"https:\/\/api.w.org\/{rel}","templated":true}]}}