{"id":1117,"date":"2020-04-21T22:25:11","date_gmt":"2020-04-21T20:25:11","guid":{"rendered":"http:\/\/www.przedszkole4.bwi.pl\/?page_id=1117"},"modified":"2020-10-11T16:08:51","modified_gmt":"2020-10-11T14:08:51","slug":"grupy-online","status":"publish","type":"page","link":"https:\/\/www.przedszkole4.bwi.pl\/index.php\/grupy-online\/","title":{"rendered":"Grupy &#8211; online"},"content":{"rendered":"<p style=\"text-align: center;\" align=\"center\">W celu uzyskania dost\u0119pu do materia\u0142\u00f3w z danej grupy, prosz\u0119 klikn\u0105\u0107 poni\u017cej w\u0142a\u015bciw\u0105 nazw\u0119 grupy.<\/p>\n<p style=\"text-align: center;\" align=\"center\">W celu komunikacji z wychowawc\u0105, prosz\u0119 u\u017cy\u0107 w\u0142a\u015bciwego adresu email.<\/p>\n<p style=\"text-align: center;\" align=\"center\"><a href=\"https:\/\/drive.google.com\/drive\/folders\/1WdCVFAGWEvuzbf5FsC423i8ZcS8HNETz?usp=sharing\">Grupa I - S\u0142oneczka<\/a><\/p>\n<p style=\"text-align: center;\" align=\"center\">email: pp4grupa1sloneczka@gmail.com<\/p>\n<p style=\"text-align: center;\" align=\"center\"><a href=\"https:\/\/drive.google.com\/drive\/folders\/1yYoOQNnbMjfH3uJxVaOGqX8kXwwaXMXr?usp=sharing\">Grupa II - Biedronki<\/a><\/p>\n<p style=\"text-align: center;\" align=\"center\">email: pp4grupa2biedronki@gmail.com<\/p>\n<p style=\"text-align: center;\" align=\"center\"><a href=\"https:\/\/drive.google.com\/drive\/folders\/1xPvtdlUBOMqP0336Y2vy5Wkp1lWI67iL?usp=sharing\">Grupa III - Krasnale<\/a><\/p>\n<p style=\"text-align: center;\" align=\"center\">email: pp4grupa3krasnale@gmail.com<\/p>\n<p style=\"text-align: center;\" align=\"center\"><a href=\"https:\/\/drive.google.com\/drive\/folders\/101h7XvBAHhxHc5sjOuFlFVEuLVCP3SyX?usp=sharing\">Grupa IV\u00a0 -Kubusie<\/a><\/p>\n<p style=\"text-align: center;\" align=\"center\">email: pp4grupa4kubusie@gmail.com<\/p>\n<p style=\"text-align: center;\" align=\"center\"><a href=\"https:\/\/drive.google.com\/drive\/folders\/13sxizqaZALEbOSaMn_pF1PAXu4abWVAu?usp=sharing\">Grupa V - Plastusie<\/a><\/p>\n<p style=\"text-align: center;\" align=\"center\">email: pp4grupa5plastusie@gmail.com<\/p>\n","protected":false},"excerpt":{"rendered":"<p>W celu uzyskania dost\u0119pu do materia\u0142\u00f3w z danej grupy, prosz\u0119 klikn\u0105\u0107 poni\u017cej w\u0142a\u015bciw\u0105 nazw\u0119 grupy. W celu komunikacji z wychowawc\u0105, prosz\u0119 u\u017cy\u0107 w\u0142a\u015bciwego adresu email. Grupa I - S\u0142oneczka email: pp4grupa1sloneczka@gmail.com Grupa II - Biedronki email: pp4grupa2biedronki@gmail.com Grupa III - Krasnale email: pp4grupa3krasnale@gmail.com Grupa IV\u00a0 -Kubusie email: pp4grupa4kubusie@gmail.com Grupa V - Plastusie email: pp4grupa5plastusie@gmail.com<\/p>\n","protected":false},"author":1,"featured_media":0,"parent":0,"menu_order":0,"comment_status":"closed","ping_status":"closed","template":"","meta":[],"_links":{"self":[{"href":"https:\/\/www.przedszkole4.bwi.pl\/index.php\/wp-json\/wp\/v2\/pages\/1117"}],"collection":[{"href":"https:\/\/www.przedszkole4.bwi.pl\/index.php\/wp-json\/wp\/v2\/pages"}],"about":[{"href":"https:\/\/www.przedszkole4.bwi.pl\/index.php\/wp-json\/wp\/v2\/types\/page"}],"author":[{"embeddable":true,"href":"https:\/\/www.przedszkole4.bwi.pl\/index.php\/wp-json\/wp\/v2\/users\/1"}],"replies":[{"embeddable":true,"href":"https:\/\/www.przedszkole4.bwi.pl\/index.php\/wp-json\/wp\/v2\/comments?post=1117"}],"version-history":[{"count":5,"href":"https:\/\/www.przedszkole4.bwi.pl\/index.php\/wp-json\/wp\/v2\/pages\/1117\/revisions"}],"predecessor-version":[{"id":1412,"href":"https:\/\/www.przedszkole4.bwi.pl\/index.php\/wp-json\/wp\/v2\/pages\/1117\/revisions\/1412"}],"wp:attachment":[{"href":"https:\/\/www.przedszkole4.bwi.pl\/index.php\/wp-json\/wp\/v2\/media?parent=1117"}],"curies":[{"name":"wp","href":"https:\/\/api.w.org\/{rel}","templated":true}]}}