{"id":1105,"date":"2020-04-21T22:22:45","date_gmt":"2020-04-21T20:22:45","guid":{"rendered":"http:\/\/www.przedszkole4.bwi.pl\/?page_id=1105"},"modified":"2020-05-28T00:14:03","modified_gmt":"2020-05-27T22:14:03","slug":"biblioteka-online","status":"publish","type":"page","link":"https:\/\/www.przedszkole4.bwi.pl\/index.php\/biblioteka-online\/","title":{"rendered":"Biblioteka &#8211; online"},"content":{"rendered":"<p><strong>Do poczytanie:<\/strong><\/p>\n<p>&nbsp;<\/p>\n<div style=\"width: 625px;\" class=\"wp-video\"><!--[if lt IE 9]><script>document.createElement('video');<\/script><![endif]-->\n<video class=\"wp-video-shortcode\" id=\"video-1105-1\" width=\"625\" height=\"352\" preload=\"metadata\" controls=\"controls\"><source type=\"video\/mp4\" src=\"https:\/\/www.przedszkole4.bwi.pl\/wp-content\/uploads\/2020\/05\/Czas-epidemii-moje-zdrowie-w-przedszkolu.mp4?_=1\" \/><a href=\"https:\/\/www.przedszkole4.bwi.pl\/wp-content\/uploads\/2020\/05\/Czas-epidemii-moje-zdrowie-w-przedszkolu.mp4\">https:\/\/www.przedszkole4.bwi.pl\/wp-content\/uploads\/2020\/05\/Czas-epidemii-moje-zdrowie-w-przedszkolu.mp4<\/a><\/video><\/div>\n<p><a href=\"https:\/\/www.przedszkole4.bwi.pl\/wp-content\/uploads\/2020\/04\/TVP-ABC-CZYTANIE-PRZED-SPANIEM.png\" data-rel=\"lightbox-gallery-9mMNBek6\" data-rl_title=\"\" data-rl_caption=\"\" title=\"\"><img loading=\"lazy\" class=\"wp-image-1106 alignleft\" src=\"https:\/\/www.przedszkole4.bwi.pl\/wp-content\/uploads\/2020\/04\/TVP-ABC-CZYTANIE-PRZED-SPANIEM.png\" alt=\"\" width=\"259\" height=\"66\" srcset=\"https:\/\/www.przedszkole4.bwi.pl\/wp-content\/uploads\/2020\/04\/TVP-ABC-CZYTANIE-PRZED-SPANIEM.png 1054w, https:\/\/www.przedszkole4.bwi.pl\/wp-content\/uploads\/2020\/04\/TVP-ABC-CZYTANIE-PRZED-SPANIEM-300x76.png 300w, https:\/\/www.przedszkole4.bwi.pl\/wp-content\/uploads\/2020\/04\/TVP-ABC-CZYTANIE-PRZED-SPANIEM-768x195.png 768w, https:\/\/www.przedszkole4.bwi.pl\/wp-content\/uploads\/2020\/04\/TVP-ABC-CZYTANIE-PRZED-SPANIEM-1024x260.png 1024w, https:\/\/www.przedszkole4.bwi.pl\/wp-content\/uploads\/2020\/04\/TVP-ABC-CZYTANIE-PRZED-SPANIEM-960x244.png 960w\" sizes=\"(max-width: 259px) 100vw, 259px\" \/><\/a><\/p>\n<p>&nbsp;<\/p>\n<p>&nbsp;<\/p>\n<p><a href=\"https:\/\/abc.tvp.pl\/19232313\/czytanie-przed-spaniem\">ABC.TVP.PL\/CZYTANIE-PRZED-SPANIEM<\/a><\/p>\n<p><a href=\"https:\/\/www.przedszkole4.bwi.pl\/wp-content\/uploads\/2020\/04\/BRZYDKIE-KACZ\u0104TKO.pdf\">BRZYDKIE KACZ\u0104TKO<\/a><\/p>\n<p><strong>Do pos\u0142uchania:<\/strong><\/p>\n<p><iframe loading=\"lazy\" title=\"S\u0142awomir Grabowski, Marek Nejman &quot;Przygody kota Filemona&quot; audiobook. Czyta Marian Opania\" width=\"625\" height=\"352\" src=\"https:\/\/www.youtube.com\/embed\/9ABKbhjqLlg?feature=oembed\" frameborder=\"0\" allow=\"accelerometer; autoplay; encrypted-media; gyroscope; picture-in-picture\" allowfullscreen><\/iframe><\/p>\n<p>&nbsp;<\/p>\n<p><iframe loading=\"lazy\" title=\"O rybaku i z\u0142otej rybce, bajka mp3\" width=\"625\" height=\"352\" src=\"https:\/\/www.youtube.com\/embed\/84iy6ERFvg4?feature=oembed\" frameborder=\"0\" allow=\"accelerometer; autoplay; encrypted-media; gyroscope; picture-in-picture\" allowfullscreen><\/iframe><\/p>\n<p><iframe loading=\"lazy\" title=\"Audiobook dla dzieci - Bajka relaksacyjna o ma\u0142ym Kotku\" width=\"625\" height=\"352\" src=\"https:\/\/www.youtube.com\/embed\/p9h8SChtrjI?feature=oembed\" frameborder=\"0\" allow=\"accelerometer; autoplay; encrypted-media; gyroscope; picture-in-picture\" allowfullscreen><\/iframe><\/p>\n<p><a href=\"https:\/\/www.przedszkole4.bwi.pl\/wp-content\/uploads\/2020\/05\/Bajka-Arabska-czyta-Pani-Agnieszka.mp3\">Bajka Arabska - czyta Pani Agnieszka<\/a><\/p>\n<p><a href=\"https:\/\/www.przedszkole4.bwi.pl\/wp-content\/uploads\/2020\/05\/Calineczka-czyta-Pani-Agnieszka.mp3\">Calineczka - czyta Pani Agnieszka<\/a><\/p>\n<p><a href=\"https:\/\/www.przedszkole4.bwi.pl\/wp-content\/uploads\/2020\/05\/Bia\u0142o\u015bnie\u017cka-i-R\u00f3\u017cyczka-czyta-Pani-Agnieszka.mp3\">Bia\u0142o\u015bnie\u017cka i R\u00f3\u017cyczka - czyta Pani Agnieszka<\/a><\/p>\n<p><a href=\"https:\/\/www.przedszkole4.bwi.pl\/wp-content\/uploads\/2020\/05\/Kubu\u015b-Puchatek-czyta-Pani-Gosia.mp3\">Kubu\u015b Puchatek - czyta Pani Gosia<\/a><\/p>\n<p><a href=\"https:\/\/www.przedszkole4.bwi.pl\/wp-content\/uploads\/2020\/05\/Chore-kotki-czyta-Pani-Bogusia-1.mp3\">Chore Kotki - czyta Pani Bogusia<\/a><\/p>\n<p><a href=\"https:\/\/www.przedszkole4.bwi.pl\/wp-content\/uploads\/2020\/05\/Jan-Brzechwa-czyta-Pani-Agnieszka.mp3\">Jan Brzechwa - czyta Pani Agnieszka<\/a><\/p>\n<p><a href=\"https:\/\/drive.google.com\/file\/d\/1dblWv0osELvIwnBlYwOr6D17Yyg48Z-a\/view?usp=sharing\">Teatrzyk - przedstawia Pani Iwonka<\/a><\/p>\n<p><a href=\"https:\/\/www.przedszkole4.bwi.pl\/wp-content\/uploads\/2020\/05\/Jak-nasza-mama-hodowala-potwora-czyta-Pani-Gosia.mp3\">Jak nasza mama hodowa\u0142a potwora - czyta Pani Gosia<\/a><\/p>\n<p><a href=\"https:\/\/www.przedszkole4.bwi.pl\/wp-content\/uploads\/2020\/05\/Jak-nasza-mama-zreperowa\u0142a-Ksi\u0119\u017cyc-czyta-Pani-Gosia.mp3\">Jak nasza mama zreperowa\u0142a Ksi\u0119\u017cyc - czyta Pani Gosia<\/a><\/p>\n<p><a href=\"https:\/\/www.przedszkole4.bwi.pl\/wp-content\/uploads\/2020\/05\/Nasza-mama-Czarodziejka-czyta-Pani-Gosia.mp3\">Nasza mama Czarodziejka - czyta Pani Gosia<\/a><\/p>\n<p>&nbsp;<\/p>\n<p>&nbsp;<\/p>\n<p>&nbsp;<\/p>\n<p>&nbsp;<\/p>\n<p>&nbsp;<\/p>\n","protected":false},"excerpt":{"rendered":"<p>Do poczytanie: &nbsp; &nbsp; &nbsp; ABC.TVP.PL\/CZYTANIE-PRZED-SPANIEM BRZYDKIE KACZ\u0104TKO Do pos\u0142uchania: &nbsp; Bajka Arabska - czyta Pani Agnieszka Calineczka - czyta Pani Agnieszka Bia\u0142o\u015bnie\u017cka i R\u00f3\u017cyczka - czyta Pani Agnieszka Kubu\u015b Puchatek - czyta Pani Gosia Chore Kotki - czyta Pani Bogusia Jan Brzechwa - czyta Pani Agnieszka Teatrzyk - przedstawia Pani Iwonka Jak nasza mama <a href=\"https:\/\/www.przedszkole4.bwi.pl\/index.php\/biblioteka-online\/\" class=\"more-link\">Czytaj dalej...<span class=\"screen-reader-text\"> \"Biblioteka &#8211; online\"<\/span><\/a><\/p>\n","protected":false},"author":1,"featured_media":0,"parent":0,"menu_order":0,"comment_status":"closed","ping_status":"closed","template":"","meta":[],"_links":{"self":[{"href":"https:\/\/www.przedszkole4.bwi.pl\/index.php\/wp-json\/wp\/v2\/pages\/1105"}],"collection":[{"href":"https:\/\/www.przedszkole4.bwi.pl\/index.php\/wp-json\/wp\/v2\/pages"}],"about":[{"href":"https:\/\/www.przedszkole4.bwi.pl\/index.php\/wp-json\/wp\/v2\/types\/page"}],"author":[{"embeddable":true,"href":"https:\/\/www.przedszkole4.bwi.pl\/index.php\/wp-json\/wp\/v2\/users\/1"}],"replies":[{"embeddable":true,"href":"https:\/\/www.przedszkole4.bwi.pl\/index.php\/wp-json\/wp\/v2\/comments?post=1105"}],"version-history":[{"count":11,"href":"https:\/\/www.przedszkole4.bwi.pl\/index.php\/wp-json\/wp\/v2\/pages\/1105\/revisions"}],"predecessor-version":[{"id":1187,"href":"https:\/\/www.przedszkole4.bwi.pl\/index.php\/wp-json\/wp\/v2\/pages\/1105\/revisions\/1187"}],"wp:attachment":[{"href":"https:\/\/www.przedszkole4.bwi.pl\/index.php\/wp-json\/wp\/v2\/media?parent=1105"}],"curies":[{"name":"wp","href":"https:\/\/api.w.org\/{rel}","templated":true}]}}