{"id":1069,"date":"2020-03-31T02:28:36","date_gmt":"2020-03-31T00:28:36","guid":{"rendered":"http:\/\/www.przedszkole4.bwi.pl\/?page_id=1069"},"modified":"2026-04-08T15:07:57","modified_gmt":"2026-04-08T13:07:57","slug":"deklaracja-dostepnosci-4","status":"publish","type":"page","link":"https:\/\/www.przedszkole4.bwi.pl\/index.php\/dla-rodzicow\/deklaracja-dostepnosci-4\/","title":{"rendered":"Deklaracja dost\u0119pno\u015bci"},"content":{"rendered":"<p><span id=\"a11y-podmiot\">Publiczne Przedszkole Nr 4 im. Jana Brzechwy w Brzesku<\/span>  zobowi\u0105zuje si\u0119 zapewni\u0107 dost\u0119pno\u015b\u0107 swojej <span id=\"a11y-zakres\">strony internetowej<\/span> zgodnie z ustaw\u0105 z dnia 4 kwietnia 2019 r. o dost\u0119pno\u015bci cyfrowej stron internetowych i aplikacji mobilnych podmiot\u00f3w publicznych.<\/p>\n<p>Deklaracja dost\u0119pno\u015bci dotyczy strony  <a href=\"https:\/\/www.przedszkole4.bwi.pl\" id=\"a11y-url\" target=\"_blank\" rel=\"noopener\">https:\/\/www.przedszkole4.bwi.pl<\/a>.<\/p>\n<\/section>\n<section>\n<ul>\n<li>Data publikacji strony internetowej: <time id=\"a11y-data-publikacja\" datetime=\"2019-07-03\">3 lipca 2019 r.<\/time><\/li>\n<li>Data ostatniej istotnej aktualizacji: <time id=\"a11y-data-aktualizacja\" datetime=\"2020-06-23\">18 marca 2025 r.<\/time><\/li>\n<\/ul>\n<\/section>\n<section>\n<h2>Stan dost\u0119pno\u015bci cyfrowej<\/h2>\n<p id=\"a11y-status\">Ta strona internetowa jest cz\u0119\u015bciowo zgodna z za\u0142\u0105cznikiem do ustawy o dost\u0119pno\u015bci cyfrowej z dnia 4 kwietnia 2019 r. o dost\u0119pno\u015bci cyfrowej stron internetowych i aplikacji mobilnych podmiot\u00f3w publicznych z powodu [niezgodno\u015bci i wy\u0142\u0105cze\u0144] wymienionych poni\u017cej.<\/p>\n<\/section>\n<section>\n<h2>Niedost\u0119pne tre\u015bci<\/h2>\n<section>\n<h3>Niezgodno\u015b\u0107 z za\u0142\u0105cznikiem<\/h3>\n<ul>\n<li>Brak lub nieprawid\u0142owy tekst \"alt\" w obiektach graficznych.<\/li>\n<li>Pliki cz\u0119\u015bciowo nie s\u0105 dost\u0119pne, nie posiadaj\u0105 opis\u00f3w o jego formacie i rozmiarze.<\/li>\n<li>Brak mapy strony.<\/li>\n<\/ul>\n<\/section>\n<section>\n<h3>Nadmierne koszty<\/h3>\n<ul>\n<li>Filmy nie posiadaj\u0105 audiodeskrypcji.<\/li>\n<\/ul>\n<\/section>\n<\/section>\n<section>\n<h2>Przygotowanie deklaracji dost\u0119pno\u015bci<\/h2>\n<ul>\n<li>Data sporz\u0105dzenia deklaracji: <time id=\"a11y-data-sporzadzenie\" datetime=\"2020-03-31\">31 marca 2020 r.<\/time><\/li>\n<li>Data ostatniego przegl\u0105du deklaracji: <time id=\"a11y-data-przeglad\" datetime=\"2026-04-08\">8 kwietnia 2026 r.<\/time><\/li>\n<\/ul>\n<p>Deklaracj\u0119 sporz\u0105dzili\u015bmy na podstawie samooceny w oparciu o <a href=\"https:\/\/www.gov.pl\/attachment\/1a3e2bb5-6d60-4897-ac2f-07a8e91e70ed\">List\u0119 kontroln\u0105 do badania dost\u0119pno\u015bci cyfrowej strony internetowej v. 2.2 (docx, 0,12MB)<\/a>.<\/p>\n<p>https:\/\/www.przedszkole4.bwi.pl\/wp-content\/uploads\/2026\/04\/Podsumowanie-badania-dostepnosci-cyfrowej-strony-przedszkole4brzesko-2026.pdf<\/p>\n<\/section>\n<section>\n<h2>Udogodnienia, ograniczenia i inne informacje<\/h2>\n<ul>\n<li>Istnieje skiplink.<\/li>\n<li>Obs\u0142uga za pomoc\u0105 klawiatury.<\/li>\n<li>Mo\u017cliwo\u015b\u0107 powi\u0119kszenia tekstu.<\/li>\n<li>Funkcja dostosowania kontrastu.<\/li>\n<li>Funkcja podkre\u015blenia link\u00f3w.<\/li>\n<\/ul>\n<\/section>\n<section>\n<h2>Informacje zwrotne i dane kontaktowe<\/h2>\n<p>Wszystkie problemy z dost\u0119pno\u015bci\u0105 cyfrow\u0105 tej strony internetowej mo\u017cesz zg\u0142osi\u0107 do <span id=\"a11y-kontakt\">Anna Mika<\/span> - mejlowo <a id=\"a11y-email\" href=\"mailto:przedszkole4.brzesko@brzesko.pl\">przedszkole4.brzesko@brzesko.pl<\/a> lub telefonicznie <a id=\"a11y-telefon\" href=\"tel:146849441,kom.603180468\">146849441, kom. 603 180 468<\/a>.<\/p>\n<p>Ka\u017cdy ma prawo wyst\u0105pi\u0107 z \u017c\u0105daniem zapewnienia dost\u0119pno\u015bci cyfrowej tej strony internetowej lub jej element\u00f3w.<\/p>\n<p>Zg\u0142aszaj\u0105c takie \u017c\u0105danie podaj:<\/p>\n<ul>\n<li>swoje imi\u0119 i nazwisko,<\/li>\n<li>swoje dane kontaktowe (np. numer telefonu, e-mail),<\/li>\n<li>dok\u0142adny adres strony internetowej, na kt\u00f3rej jest niedost\u0119pny cyfrowo element lub tre\u015b\u0107,<\/li>\n<li>opis na czym polega problem i jaki spos\u00f3b jego rozwi\u0105zania by\u0142by dla Ciebie najwygodniejszy.<\/li>\n<\/ul>\n<p>Na Twoje zg\u0142oszenie odpowiemy najszybciej jak to mo\u017cliwe, nie p\u00f3\u017aniej ni\u017c w ci\u0105gu 7 dni od jego otrzymania.<\/p>\n<p>Je\u017celi ten termin b\u0119dzie dla nas zbyt kr\u00f3tki poinformujemy Ci\u0119 o tym. W tej informacji podamy nowy termin, do kt\u00f3rego poprawimy zg\u0142oszone przez Ciebie b\u0142\u0119dy lub przygotujemy informacje w alternatywny spos\u00f3b. Ten nowy termin nie b\u0119dzie d\u0142u\u017cszy ni\u017c 2 miesi\u0105ce.<\/p>\n<p>Je\u017celi nie b\u0119dziemy w stanie zapewni\u0107 dost\u0119pno\u015bci cyfrowej strony internetowej lub tre\u015bci, wskazanej w Twoim \u017c\u0105daniu, zaproponujemy Ci dost\u0119p do nich w alternatywny spos\u00f3b.<\/p>\n<\/section>\n<section id=\"a11y-procedura\">\n<h2>Obs\u0142uga wniosk\u00f3w i skarg zwi\u0105zanych z dost\u0119pno\u015bci\u0105<\/h2>\n<p>Je\u017celi w odpowiedzi na Tw\u00f3j wniosek o zapewnienie dost\u0119pno\u015bci cyfrowej, odm\u00f3wimy zapewnienia \u017c\u0105danej przez Ciebie dost\u0119pno\u015bci cyfrowej, a Ty nie zgadzasz si\u0119 z t\u0105 odmow\u0105, masz prawo z\u0142o\u017cy\u0107 skarg\u0119.<\/p>\n<p>Skarg\u0119 masz prawo z\u0142o\u017cy\u0107 tak\u017ce, je\u015bli nie zgadzasz si\u0119 na skorzystanie z alternatywnego sposobu dost\u0119pu, kt\u00f3ry zaproponowali\u015bmy Ci w odpowiedzi na Tw\u00f3j wniosek o zapewnienie dost\u0119pno\u015bci cyfrowej.<\/p>\n<p>Ewentualn\u0105 skarg\u0119 z\u0142\u00f3\u017c listownie lub mailem do kierownictwa naszego urz\u0119du:<\/p>\n<ul>\n<li><span id=\"a11y-procedura-kierownik\">Marta Mikulska - dyrektor przedszkola<\/span>,<\/li>\n<li>Adres: <span id=\"a11y-procedura-adres\">ul. Ogrodowa 10, 32-800 Brzesko<\/span>,<\/li>\n<li>mejl: <a id=\"a11y-procedura-email\" href=\"mailto:przedszkole4.brzesko@brzesko.pl\">przedszkole4.brzesko@brzesko.pl<\/a>.<\/li>\n<\/ul>\n<p><a href=\"https:\/\/www.gov.pl\/web\/gov\/zloz-wniosek-o-zapewnienie-dostepnosci-cyfrowej-strony-internetowej-lub-aplikacji-mobilnej\">Pomocne mog\u0105 by\u0107 informacje, kt\u00f3re mo\u017cna znale\u017a\u0107 na rz\u0105dowym portalu gov.pl<\/a>.<\/p>\n<p>Mo\u017cesz tak\u017ce poinformowa\u0107 o tej sytuacji <a href=\"https:\/\/bip.brpo.gov.pl\/\">Rzecznika Praw Obywatelskich<\/a> i poprosi\u0107 o interwencj\u0119 w Twojej sprawie.<\/p>\n<\/section>\n<section>\n<h2>Pozosta\u0142e informacje<\/h2>\n<section id=\"a11y-architektura\">\n<h3>Dost\u0119pno\u015b\u0107 architektoniczna<\/h3>\n<section>\n<h4>Publiczne Przedszkole Nr 4 im. Jana Brzechwy w Brzesku<\/h4>\n<address>\n<div>ul. Ogrodowa 10<\/div>\n<div>32-800 Brzesko<\/div>\n<\/address>\n<p>Dla interesant\u00f3w dost\u0119pne jest 1 wej\u015bcie g\u0142\u00f3wne od ulicy Ogrodowej 10, 32-800 Brzesko od strony osiedla. Mo\u017cliwo\u015b\u0107 wej\u015bcia od strony parkingu alejk\u0105 chodnikow\u0105 na poziomie terenu, jest przystosowane dla os\u00f3b z niepe\u0142nosprawno\u015bci\u0105 ruchow\u0105. Zastosowano pochylni\u0119 dla w\u00f3zk\u00f3w od strony wej\u015bcia g\u0142\u00f3wnego.<\/p>\n<p>W budynku funkcjonuj\u0105 obszary monitoringu wizyjnego.<\/p>\n<p>W budynku nie zastosowano urz\u0105dze\u0144 i innych \u015brodk\u00f3w technicznych do obs\u0142ugi os\u00f3b s\u0142abos\u0142ysz\u0105cych.<\/p>\n<p>Obok budynku znajduje si\u0119 du\u017cy parking.<\/p>\n<p>Do budynku i wszystkich jego pomieszcze\u0144 nie mo\u017cna wej\u015b\u0107 z psem asystuj\u0105cym i psem przewodnikiem.<\/p>\n<\/section>\n<\/section>\n<section id=\"a11y-komunikacja\">\n<h3>Dost\u0119pno\u015b\u0107 komunikacyjno-informacyjna<\/h3>\n<ul>\n<li>Aktualny raport z zapewnienia dost\u0119pno\u015bci: https:\/\/bip.malopolska.pl\/pp4brzesko,m,357265,raport-dostepnosci.html<\/li>\n<li>\n<div>Istnieje mo\u017cliwo\u015b\u0107 obs\u0142ugi os\u00f3b z niepe\u0142nosprawno\u015bciami przez pracownik\u00f3w przedszkola, po uprzednim uzgodnieniu wizyty.<br \/>\nW budynku nie mo\u017cna skorzysta\u0107 z t\u0142umacza polskiego j\u0119zyka migowego.<\/div>\n<\/li>\n<\/ul>\n<\/section>\n<\/section>\n","protected":false},"excerpt":{"rendered":"<p>Publiczne Przedszkole Nr 4 im. Jana Brzechwy w Brzesku zobowi\u0105zuje si\u0119 zapewni\u0107 dost\u0119pno\u015b\u0107 swojej strony internetowej zgodnie z ustaw\u0105 z dnia 4 kwietnia 2019 r. o dost\u0119pno\u015bci cyfrowej stron internetowych i aplikacji mobilnych podmiot\u00f3w publicznych. Deklaracja dost\u0119pno\u015bci dotyczy strony https:\/\/www.przedszkole4.bwi.pl. Data publikacji strony internetowej: 3 lipca 2019 r. Data ostatniej istotnej aktualizacji: 18 marca 2025 <a href=\"https:\/\/www.przedszkole4.bwi.pl\/index.php\/dla-rodzicow\/deklaracja-dostepnosci-4\/\" class=\"more-link\">Czytaj dalej...<span class=\"screen-reader-text\"> \"Deklaracja dost\u0119pno\u015bci\"<\/span><\/a><\/p>\n","protected":false},"author":1,"featured_media":0,"parent":33,"menu_order":0,"comment_status":"closed","ping_status":"closed","template":"","meta":[],"_links":{"self":[{"href":"https:\/\/www.przedszkole4.bwi.pl\/index.php\/wp-json\/wp\/v2\/pages\/1069"}],"collection":[{"href":"https:\/\/www.przedszkole4.bwi.pl\/index.php\/wp-json\/wp\/v2\/pages"}],"about":[{"href":"https:\/\/www.przedszkole4.bwi.pl\/index.php\/wp-json\/wp\/v2\/types\/page"}],"author":[{"embeddable":true,"href":"https:\/\/www.przedszkole4.bwi.pl\/index.php\/wp-json\/wp\/v2\/users\/1"}],"replies":[{"embeddable":true,"href":"https:\/\/www.przedszkole4.bwi.pl\/index.php\/wp-json\/wp\/v2\/comments?post=1069"}],"version-history":[{"count":12,"href":"https:\/\/www.przedszkole4.bwi.pl\/index.php\/wp-json\/wp\/v2\/pages\/1069\/revisions"}],"predecessor-version":[{"id":11661,"href":"https:\/\/www.przedszkole4.bwi.pl\/index.php\/wp-json\/wp\/v2\/pages\/1069\/revisions\/11661"}],"up":[{"embeddable":true,"href":"https:\/\/www.przedszkole4.bwi.pl\/index.php\/wp-json\/wp\/v2\/pages\/33"}],"wp:attachment":[{"href":"https:\/\/www.przedszkole4.bwi.pl\/index.php\/wp-json\/wp\/v2\/media?parent=1069"}],"curies":[{"name":"wp","href":"https:\/\/api.w.org\/{rel}","templated":true}]}}