{"id":10423,"date":"2024-07-02T15:23:18","date_gmt":"2024-07-02T13:23:18","guid":{"rendered":"https:\/\/www.przedszkole4.bwi.pl\/?page_id=10423"},"modified":"2024-07-02T15:23:18","modified_gmt":"2024-07-02T13:23:18","slug":"standardy-ochrony-maloletnich","status":"publish","type":"page","link":"https:\/\/www.przedszkole4.bwi.pl\/index.php\/dla-rodzicow\/standardy-ochrony-maloletnich\/","title":{"rendered":"Standardy ochrony ma\u0142oletnich"},"content":{"rendered":"<p>Zapraszamy do zapoznania si\u0119 z obowi\u0105zuj\u0105cymi w naszej plac\u00f3wce Standardami Ochrony Ma\u0142oletnich kt\u00f3re zamieszczone s\u0105 w poni\u017cszym pliku:<\/p>\n<p><a href=\"https:\/\/www.przedszkole4.bwi.pl\/wp-content\/uploads\/2024\/07\/standardy-ochrony-PP4.pdf\">Standardy ochrony ma\u0142oletnich PP4<\/a><\/p>\n","protected":false},"excerpt":{"rendered":"<p>Zapraszamy do zapoznania si\u0119 z obowi\u0105zuj\u0105cymi w naszej plac\u00f3wce Standardami Ochrony Ma\u0142oletnich kt\u00f3re zamieszczone s\u0105 w poni\u017cszym pliku: Standardy ochrony ma\u0142oletnich PP4<\/p>\n","protected":false},"author":3,"featured_media":0,"parent":33,"menu_order":0,"comment_status":"closed","ping_status":"closed","template":"","meta":[],"_links":{"self":[{"href":"https:\/\/www.przedszkole4.bwi.pl\/index.php\/wp-json\/wp\/v2\/pages\/10423"}],"collection":[{"href":"https:\/\/www.przedszkole4.bwi.pl\/index.php\/wp-json\/wp\/v2\/pages"}],"about":[{"href":"https:\/\/www.przedszkole4.bwi.pl\/index.php\/wp-json\/wp\/v2\/types\/page"}],"author":[{"embeddable":true,"href":"https:\/\/www.przedszkole4.bwi.pl\/index.php\/wp-json\/wp\/v2\/users\/3"}],"replies":[{"embeddable":true,"href":"https:\/\/www.przedszkole4.bwi.pl\/index.php\/wp-json\/wp\/v2\/comments?post=10423"}],"version-history":[{"count":1,"href":"https:\/\/www.przedszkole4.bwi.pl\/index.php\/wp-json\/wp\/v2\/pages\/10423\/revisions"}],"predecessor-version":[{"id":10425,"href":"https:\/\/www.przedszkole4.bwi.pl\/index.php\/wp-json\/wp\/v2\/pages\/10423\/revisions\/10425"}],"up":[{"embeddable":true,"href":"https:\/\/www.przedszkole4.bwi.pl\/index.php\/wp-json\/wp\/v2\/pages\/33"}],"wp:attachment":[{"href":"https:\/\/www.przedszkole4.bwi.pl\/index.php\/wp-json\/wp\/v2\/media?parent=10423"}],"curies":[{"name":"wp","href":"https:\/\/api.w.org\/{rel}","templated":true}]}}