{"id":104,"date":"2019-02-20T16:53:36","date_gmt":"2019-02-20T15:53:36","guid":{"rendered":"http:\/\/bwi.home.pl\/przedszkole4\/wordpress\/?page_id=104"},"modified":"2023-11-14T19:31:59","modified_gmt":"2023-11-14T18:31:59","slug":"godziny-pracy-i-reguly","status":"publish","type":"page","link":"https:\/\/www.przedszkole4.bwi.pl\/index.php\/o-przedszkolu\/godziny-pracy-i-reguly\/","title":{"rendered":"Godziny pracy"},"content":{"rendered":"<p style=\"text-align: center;\">Przedszkole czynne od poniedzia\u0142ku do pi\u0105tku<br \/>\n<strong>w godzinach 6:30-16:00<\/strong><\/p>\n<p><strong><u>SZCZEG\u00d3\u0141OWE GODZINY PRACY W POSZCZEG\u00d3LNYCH ODDZIA\u0141ACH<\/u><\/strong><strong><u>:<\/u><\/strong><\/p>\n<table style=\"height: 640px;\" width=\"819\">\n<tbody>\n<tr>\n<td><\/td>\n<td>pon<\/td>\n<td>wt<\/td>\n<td>\u015br<\/td>\n<td>czw<\/td>\n<td>pi\u0105t<\/td>\n<\/tr>\n<tr>\n<td>Gr I S\u0142oneczka<\/td>\n<td>7.30 - 15.30<\/td>\n<td>7.30 - 15.30<\/td>\n<td>7.30 - 16.00<\/td>\n<td>7.00 -15.30<\/td>\n<td>7.30 - 15.30<\/td>\n<\/tr>\n<tr>\n<td>Gr II Biedronki<\/td>\n<td>7.00 \u2013 16.00<\/td>\n<td>7.00 \u2013 15.30<\/td>\n<td>7.00 \u2013 15.30<\/td>\n<td>7.00 \u2013 16:00<\/td>\n<td>7.00 \u2013 15.30<\/td>\n<\/tr>\n<tr>\n<td>GR III Krasnale<\/td>\n<td>6.30 \u2013 15.30<\/td>\n<td>6.30 \u2013 15.30<\/td>\n<td>7.00 \u2013 15.30<\/td>\n<td>6.30 \u2013 15.30<\/td>\n<td>7.00 \u2013 15.30<\/td>\n<\/tr>\n<tr>\n<td>Gr IV Kubusie<\/td>\n<td>7.00 \u2013 16.00<\/td>\n<td>7.00 \u2013 16.00<\/td>\n<td>6.30 \u2013 16.00<\/td>\n<td>7.00 \u2013 16.00<\/td>\n<td>6.30 \u2013 16.00<\/td>\n<\/tr>\n<tr>\n<td>Gr V Plastusie<\/td>\n<td>7.30 \u2013 15.30<\/td>\n<td>7.30 \u2013 15.30<\/td>\n<td>7.30 \u2013 15.30<\/td>\n<td>7.30 \u2013 15.30<\/td>\n<td>7.30 \u2013 15.30<\/td>\n<\/tr>\n<\/tbody>\n<\/table>\n<p>W godzinach 6:30-7:30 oraz 15:30-16:00 dzieci przebywaj\u0105 na grupie zbiorczej.<\/p>\n","protected":false},"excerpt":{"rendered":"<p>Przedszkole czynne od poniedzia\u0142ku do pi\u0105tku w godzinach 6:30-16:00 SZCZEG\u00d3\u0141OWE GODZINY PRACY W POSZCZEG\u00d3LNYCH ODDZIA\u0141ACH: pon wt \u015br czw pi\u0105t Gr I S\u0142oneczka 7.30 - 15.30 7.30 - 15.30 7.30 - 16.00 7.00 -15.30 7.30 - 15.30 Gr II Biedronki 7.00 \u2013 16.00 7.00 \u2013 15.30 7.00 \u2013 15.30 7.00 \u2013 16:00 7.00 \u2013 15.30 <a href=\"https:\/\/www.przedszkole4.bwi.pl\/index.php\/o-przedszkolu\/godziny-pracy-i-reguly\/\" class=\"more-link\">Czytaj dalej...<span class=\"screen-reader-text\"> \"Godziny pracy\"<\/span><\/a><\/p>\n","protected":false},"author":1,"featured_media":0,"parent":9,"menu_order":0,"comment_status":"closed","ping_status":"closed","template":"","meta":[],"_links":{"self":[{"href":"https:\/\/www.przedszkole4.bwi.pl\/index.php\/wp-json\/wp\/v2\/pages\/104"}],"collection":[{"href":"https:\/\/www.przedszkole4.bwi.pl\/index.php\/wp-json\/wp\/v2\/pages"}],"about":[{"href":"https:\/\/www.przedszkole4.bwi.pl\/index.php\/wp-json\/wp\/v2\/types\/page"}],"author":[{"embeddable":true,"href":"https:\/\/www.przedszkole4.bwi.pl\/index.php\/wp-json\/wp\/v2\/users\/1"}],"replies":[{"embeddable":true,"href":"https:\/\/www.przedszkole4.bwi.pl\/index.php\/wp-json\/wp\/v2\/comments?post=104"}],"version-history":[{"count":11,"href":"https:\/\/www.przedszkole4.bwi.pl\/index.php\/wp-json\/wp\/v2\/pages\/104\/revisions"}],"predecessor-version":[{"id":8371,"href":"https:\/\/www.przedszkole4.bwi.pl\/index.php\/wp-json\/wp\/v2\/pages\/104\/revisions\/8371"}],"up":[{"embeddable":true,"href":"https:\/\/www.przedszkole4.bwi.pl\/index.php\/wp-json\/wp\/v2\/pages\/9"}],"wp:attachment":[{"href":"https:\/\/www.przedszkole4.bwi.pl\/index.php\/wp-json\/wp\/v2\/media?parent=104"}],"curies":[{"name":"wp","href":"https:\/\/api.w.org\/{rel}","templated":true}]}}